{"id":14014,"date":"2024-06-03T10:53:59","date_gmt":"2024-06-03T09:53:59","guid":{"rendered":"https:\/\/birdofparadise.pt\/produit\/laiteux-oolong\/"},"modified":"2025-04-02T18:02:25","modified_gmt":"2025-04-02T17:02:25","slug":"milky-oolong","status":"publish","type":"product","link":"https:\/\/birdofparadise.pt\/fr\/produit\/oolong-lacte\/","title":{"rendered":"Oolong lact\u00e9"},"content":{"rendered":"<h6>Oolong lact\u00e9<\/h6>\n<p>Notre th\u00e9 Oolong lact\u00e9 est une boisson d\u00e9licieuse et unique \u00e0 ne pas manquer.<\/p>\n<p>Fabriqu\u00e9 avec les meilleurs ingr\u00e9dients, ce th\u00e9 biologique est un v\u00e9ritable r\u00e9gal pour les sens.<\/p>\n<p>L&rsquo;histoire du th\u00e9 Milky Oolong remonte \u00e0 la culture traditionnelle du th\u00e9 en Chine. Ce th\u00e9 sp\u00e9cial est produit depuis longtemps dans les montagnes du Fujian, en Chine, o\u00f9 les th\u00e9iers poussent \u00e0 plus de 1 000 m\u00e8tres d&rsquo;altitude. Les feuilles sont soigneusement s\u00e9ch\u00e9es au soleil, puis roul\u00e9es et oxyd\u00e9es de mani\u00e8re traditionnelle.<\/p>\n<p>Le th\u00e9 Oolong est consid\u00e9r\u00e9 comme l&rsquo;un des th\u00e9s les plus complexes et les plus populaires au monde, et le Milky Oolong ne fait pas exception \u00e0 la r\u00e8gle.<\/p>\n<p>En ajoutant des saveurs qui cr\u00e9ent un \u00e9quilibre parfait entre les \u00e9pices et le caramel, le Milky Oolong devient une boisson vraiment unique. Notre th\u00e9 est cultiv\u00e9 de mani\u00e8re biologique et conditionn\u00e9 au Portugal pour garantir la plus haute qualit\u00e9.<\/p>\n<p>Outre sa saveur particuli\u00e8re, le Milky Oolong pr\u00e9sente \u00e9galement un certain nombre de bienfaits potentiels pour la sant\u00e9.<\/p>\n<p>Le th\u00e9 Oolong est souvent associ\u00e9 \u00e0 la promotion de la perte de poids et \u00e0 l&rsquo;am\u00e9lioration du m\u00e9tabolisme. Il contient \u00e9galement des antioxydants qui peuvent aider \u00e0 prot\u00e9ger l&rsquo;organisme des dommages cellulaires. Il peut \u00e9galement avoir un effet positif sur la glyc\u00e9mie et le taux de cholest\u00e9rol. Qu&rsquo;il soit chaud ou froid, notre th\u00e9 Milky Oolong est un excellent compagnon \u00e0 tout moment de la journ\u00e9e.<\/p>\n<p>Sa saveur unique et ses propri\u00e9t\u00e9s b\u00e9n\u00e9fiques pour la sant\u00e9 en font la boisson id\u00e9ale pour ceux qui aiment un th\u00e9 particulier. Essayez notre th\u00e9 Milky Oolong d\u00e8s aujourd&rsquo;hui et d\u00e9couvrez la combinaison unique d&rsquo;\u00e9pices et d&rsquo;ar\u00f4me de caramel bas\u00e9e sur la culture traditionnelle du th\u00e9 chinois et profitez de son go\u00fbt d\u00e9licieux et sain.<\/p>\n<h6>Composition :<\/h6>\n<p>Th\u00e9 Oolong* (Chine), ar\u00f4me naturel d&rsquo;\u00e9pices, ar\u00f4me naturel de caramel.<\/p>\n<p>*Ingr\u00e9dients issus de l&rsquo;agriculture biologique DE-\u00d6KO-039 (Certifi\u00e9 conform\u00e9ment au r\u00e8glement europ\u00e9en sur l&rsquo;agriculture biologique. Agriculture de l&rsquo;UE \/ Agriculture hors UE). Produit non certifi\u00e9 biologique dans sa forme finale (emballage). <\/p>\n<h6>Conseils de pr\u00e9paration :<\/h6>\n<p>10 g dans 250 ml d&rsquo;eau<br \/>\n5&prime; minutes dans l&rsquo;eau \u00e0 80\u00b0C<\/p>\n<ul>\n<li>Dosage : 12 &#8211; 15 g\/L<\/li>\n<li>Dur\u00e9e d&rsquo;infusion: 2 &#8211; 4 minutes<\/li>\n<li>Temp\u00e9rature d&rsquo;infusion : 80\u00b0 C<\/li>\n<\/ul>\n<p>&nbsp;<\/p>\n","protected":false},"excerpt":{"rendered":"<h6>Oolong lact\u00e9<\/h6>\n<p>La saveur fra\u00eeche et florale du th\u00e9 vert oolong contraste ici avec l&rsquo;ar\u00f4me cr\u00e9meux pour offrir, dans la lign\u00e9e du tr\u00e8s rare th\u00e9 oolong du m\u00eame nom et sans pr\u00e9tention, un th\u00e9 \u00e0 la liqueur douce, chaude et laiteuse. Id\u00e9al pour une pause gourmande.<\/p>\n","protected":false},"featured_media":18251,"comment_status":"open","ping_status":"closed","template":"","meta":[],"product_cat":[65,79,62],"product_tag":[],"class_list":{"0":"post-14014","1":"product","2":"type-product","3":"status-publish","4":"has-post-thumbnail","6":"product_brand-bird-of-paradise","7":"product_cat-thes-oolong","8":"product_cat-chine","9":"product_cat-thes-verts","11":"first","12":"outofstock","13":"taxable","14":"shipping-taxable","15":"product-type-variable"},"_links":{"self":[{"href":"https:\/\/birdofparadise.pt\/fr\/wp-json\/wp\/v2\/product\/14014","targetHints":{"allow":["GET"]}}],"collection":[{"href":"https:\/\/birdofparadise.pt\/fr\/wp-json\/wp\/v2\/product"}],"about":[{"href":"https:\/\/birdofparadise.pt\/fr\/wp-json\/wp\/v2\/types\/product"}],"replies":[{"embeddable":true,"href":"https:\/\/birdofparadise.pt\/fr\/wp-json\/wp\/v2\/comments?post=14014"}],"version-history":[{"count":0,"href":"https:\/\/birdofparadise.pt\/fr\/wp-json\/wp\/v2\/product\/14014\/revisions"}],"wp:featuredmedia":[{"embeddable":true,"href":"https:\/\/birdofparadise.pt\/fr\/wp-json\/wp\/v2\/media\/18251"}],"wp:attachment":[{"href":"https:\/\/birdofparadise.pt\/fr\/wp-json\/wp\/v2\/media?parent=14014"}],"wp:term":[{"taxonomy":"product_cat","embeddable":true,"href":"https:\/\/birdofparadise.pt\/fr\/wp-json\/wp\/v2\/product_cat?post=14014"},{"taxonomy":"product_tag","embeddable":true,"href":"https:\/\/birdofparadise.pt\/fr\/wp-json\/wp\/v2\/product_tag?post=14014"}],"curies":[{"name":"wp","href":"https:\/\/api.w.org\/{rel}","templated":true}]}}