{"id":14023,"date":"2024-06-03T10:49:18","date_gmt":"2024-06-03T09:49:18","guid":{"rendered":"https:\/\/birdofparadise.pt\/produit\/infuse-aux-pommes-et-au-caramel\/"},"modified":"2025-11-24T15:32:51","modified_gmt":"2025-11-24T14:32:51","slug":"infuse-aux-pommes-et-au-caramel","status":"publish","type":"product","link":"https:\/\/birdofparadise.pt\/fr\/produit\/infusion-de-pomme-caramel\/","title":{"rendered":"Infusion de pommes et de caramel"},"content":{"rendered":"<p>Notre Infus\u00e3o de ma\u00e7\u00e3 e caramelo est un th\u00e9 aux fruits biologique conditionn\u00e9 au Portugal. Les ingr\u00e9dients du th\u00e9 proviennent tous de l&rsquo;agriculture biologique certifi\u00e9e et comprennent des morceaux de pomme, de la caroube, de l&rsquo;\u00e9corce de cynorrhodon, des fleurs d&rsquo;hibiscus, des coques de cacao, des CARAMEL CHIPS, de la poudre de cacao et des fleurs de souci.<\/p>\n<p>Le th\u00e9 a un go\u00fbt naturel de caramel et un go\u00fbt suppl\u00e9mentaire de pomme qui lui donne une touche de douceur. Le th\u00e9 a un go\u00fbt naturel de caramel et un go\u00fbt de pomme suppl\u00e9mentaire qui ajoute une touche de douceur. La combinaison de la pomme et du caramel est d\u00e9licieuse et populaire. Notre m\u00e9lange de pommes et de caramel ne fait pas exception.<\/p>\n<p>Les \u00e9clats de caramel contenus dans le th\u00e9 lui conf\u00e8rent une saveur naturelle et authentique de caramel. Les coques de cacao conf\u00e8rent au th\u00e9 une note chocolat\u00e9e agr\u00e9able et un ar\u00f4me cors\u00e9. Les fleurs d&rsquo;hibiscus ajoutent une subtile acidit\u00e9 et une touche de saveur de baies.<\/p>\n<p>Notre th\u00e9 Apple Caramel ne contient pas de caf\u00e9ine, ce qui le rend id\u00e9al comme boisson du soir ou comme alternative au caf\u00e9 ou au th\u00e9 noir.<\/p>\n<p>Ce th\u00e9 est id\u00e9al pour ceux qui pr\u00e9f\u00e8rent un th\u00e9 doux et fruit\u00e9. La saveur fruit\u00e9e et sucr\u00e9e est parfaite pour les jours plus froids et pour simplement se d\u00e9tendre et se relaxer.<\/p>\n<p>Le th\u00e9 aux pommes et au caramel a pour effet de renforcer le syst\u00e8me immunitaire, d&rsquo;avoir un effet antioxydant et anti-inflammatoire et d&rsquo;avoir un effet relaxant et calmant. En outre, le th\u00e9 peut r\u00e9duire la tension art\u00e9rielle et a un effet r\u00e9gulateur de l&rsquo;app\u00e9tit gr\u00e2ce \u00e0 son go\u00fbt de pomme.<\/p>\n<p>L&rsquo;histoire des pommes et de leurs diff\u00e9rentes utilisations remonte \u00e0 plusieurs si\u00e8cles. Les pommes \u00e9taient consid\u00e9r\u00e9es comme un symbole de bonheur et de joie dans de nombreuses cultures et, dans la m\u00e9decine populaire m\u00e9di\u00e9vale, elles \u00e9taient utilis\u00e9es comme agent nettoyant et calmant.<\/p>\n<h6>Composition :<\/h6>\n<p>Morceaux de pomme* (49,2%), caroube*, peau de cynorrhodon*, fleurs d&rsquo;hibiscus*, coques de cacao*, ar\u00f4me naturel de caramel, CARAMEL CHIPS* (sucre de canne*, sirop de glucose*, lait condens\u00e9*, beurre*, sel*), poudre de cacao*, ar\u00f4me naturel de pomme, fleurs de souci*.<\/p>\n<p>*Ingr\u00e9dients issus de l&rsquo;agriculture biologique DE-\u00d6KO-039 (Certifi\u00e9 conform\u00e9ment au r\u00e8glement europ\u00e9en sur l&rsquo;agriculture biologique. Agriculture de l&rsquo;UE \/ Agriculture hors UE). Produit non certifi\u00e9 biologique dans sa forme finale (emballage). <\/p>\n<h6>Conseils de pr\u00e9paration :<\/h6>\n<ul>\n<li>Dosage : 12 &#8211; 15 g\/L<\/li>\n<li>Dur\u00e9e d&rsquo;infusion: 2 &#8211; 4 minutes<\/li>\n<li>Temp\u00e9rature d&rsquo;infusion : 90\u00b0 C<\/li>\n<\/ul>\n<p>&nbsp;<\/p>\n","protected":false},"excerpt":{"rendered":"<p>Notre infusion aux pommes et au caramel reprend cette longue histoire et combine les deux saveurs dans un th\u00e9 unique et d\u00e9licieux. Essayez-le et offrez-vous un peu de d\u00e9tente et de bien-\u00eatre.<\/p>\n","protected":false},"featured_media":18229,"comment_status":"open","ping_status":"closed","template":"","meta":[],"product_cat":[267,44,64],"product_tag":[],"class_list":{"0":"post-14023","1":"product","2":"type-product","3":"status-publish","4":"has-post-thumbnail","6":"product_brand-bird-of-paradise","7":"product_cat-thes-de-noel","8":"product_cat-thes-glaces","9":"product_cat-tisanes","11":"first","12":"instock","13":"taxable","14":"shipping-taxable","15":"purchasable","16":"product-type-variable"},"_links":{"self":[{"href":"https:\/\/birdofparadise.pt\/fr\/wp-json\/wp\/v2\/product\/14023","targetHints":{"allow":["GET"]}}],"collection":[{"href":"https:\/\/birdofparadise.pt\/fr\/wp-json\/wp\/v2\/product"}],"about":[{"href":"https:\/\/birdofparadise.pt\/fr\/wp-json\/wp\/v2\/types\/product"}],"replies":[{"embeddable":true,"href":"https:\/\/birdofparadise.pt\/fr\/wp-json\/wp\/v2\/comments?post=14023"}],"version-history":[{"count":0,"href":"https:\/\/birdofparadise.pt\/fr\/wp-json\/wp\/v2\/product\/14023\/revisions"}],"wp:featuredmedia":[{"embeddable":true,"href":"https:\/\/birdofparadise.pt\/fr\/wp-json\/wp\/v2\/media\/18229"}],"wp:attachment":[{"href":"https:\/\/birdofparadise.pt\/fr\/wp-json\/wp\/v2\/media?parent=14023"}],"wp:term":[{"taxonomy":"product_cat","embeddable":true,"href":"https:\/\/birdofparadise.pt\/fr\/wp-json\/wp\/v2\/product_cat?post=14023"},{"taxonomy":"product_tag","embeddable":true,"href":"https:\/\/birdofparadise.pt\/fr\/wp-json\/wp\/v2\/product_tag?post=14023"}],"curies":[{"name":"wp","href":"https:\/\/api.w.org\/{rel}","templated":true}]}}