{"id":15092,"date":"2024-10-06T16:26:20","date_gmt":"2024-10-06T15:26:20","guid":{"rendered":"https:\/\/birdofparadise.pt\/?post_type=product&#038;p=15092"},"modified":"2024-11-27T12:03:22","modified_gmt":"2024-11-27T11:03:22","slug":"ensemble-de-6-sous-verres-en-bois-fleur-de-vie-azulejos-avec-support","status":"publish","type":"product","link":"https:\/\/birdofparadise.pt\/fr\/produit\/ensemble-de-6-sous-verres-en-bois-fleur-de-vie-azulejos-avec-support\/","title":{"rendered":"Ensemble de 6 sous-verres en bois Fleur de vie \u00ab\u00a0Azulejos\u00a0\u00bb avec support"},"content":{"rendered":"<p>Ensemble de 6 sous-verres en bois Fleur de vie \u00ab\u00a0Azulejos\u00a0\u00bb avec support:\u00a0 Une touche naturelle et artisanale pour votre d\u00e9coration d&rsquo;int\u00e9rieur.<\/p>\n<p>Cet ensemble de 6 sous-verres\/tasses en bois avec un support d\u00e9di\u00e9 est un accessoire \u00e9l\u00e9gant et pratique qui ajoutera une touche de chaleur subtile \u00e0 votre table et vos moment de th\u00e9 privil\u00e9gi\u00e9. Fabriqu\u00e9 de fa\u00e7on artisanale \u00e0 partir de bois contreplaqu\u00e9 de bouleau, il prot\u00e9gera vos surfaces contre les marques d&rsquo;eau et les dommages caus\u00e9s par la chaleur des tasses. Son motif unique bas\u00e9 sur la fleur de vie dont il est d\u00e9riv\u00e9 rappelle certains motifs floraux de carreaux portugais, d&rsquo;o\u00f9 son appellation \u00ab\u00a0Azulejos\u00a0\u00bb. Cet ensemble est d\u00e9clin\u00e9 en 3 finitions: Bois naturel cir\u00e9, Bois vernis Acajou et Bronze.<\/p>\n<p>Ses avantages :<\/p>\n<p>* Naturel et Durable : Le bois est un mat\u00e9riau renouvelable et r\u00e9sistant, id\u00e9al pour une utilisation quotidienne.<\/p>\n<p>* Unique et Artisanal : Chaque sous-verre est unique, avec ses propres veines et nuances de bois, ajoutant un charme rustique \u00e0 votre d\u00e9coration. Ils sont fabriqu\u00e9s de mani\u00e8re artisanale.<\/p>\n<p>* Protection Efficace : Il prot\u00e8ge vos surfaces contre les traces d&rsquo;eau et les marques de chaleur des tasses.<\/p>\n<p>* Sensation Agr\u00e9able : La texture du bois offre une sensation agr\u00e9able au toucher et apporte une touche de nature \u00e0 votre table.<\/p>\n<p>Un cadeau parfait :<\/p>\n<p>Offrez cet ensemble \u00e0 un \u00eatre cher pour un cadeau original et pratique. Il fera un cadeau id\u00e9al pour les amateurs de d\u00e9coration et ceux qui aiment les produits naturels artisanaux qui se d\u00e9marquent de produits industriels et grandes s\u00e9ries.<\/p>\n<p>Conseils d&rsquo;entretien :<\/p>\n<p>Pour conserver la beaut\u00e9 de votre ensemble de sous-verres\/tasses, il est conseill\u00e9 de le nettoyer \u00e0 la main avec un chiffon humide. \u00c9vitez de le tremper dans l&rsquo;eau ou de le mettre au lave-vaisselle.<\/p>\n<p>Dimensions: diam\u00e8tre: 10 cm, \u00e9paisseur: 3 mm<\/p>\n<p class=\"p1\">\n","protected":false},"excerpt":{"rendered":"<p>Accessoire indispensable lors de vos soir\u00e9es entre amis, cet objet atypique permettra d\u2019accompagner \u00e9l\u00e9gamment votre ensemble \u00e0 th\u00e9 . Avec des formes, des designs et des couleurs diff\u00e9rentes, vous aurez le plaisir de surprendre vos invit\u00e9s \u00e0 chaque fois.<\/p>\n<p>Ajoutez une touche de nature \u00e0 votre maison avec cet ensemble de sous-verres\/tasses en bois \u00e9l\u00e9gant et fonctionnel.<\/p>\n","protected":false},"featured_media":15631,"comment_status":"open","ping_status":"closed","template":"","meta":[],"product_cat":[254],"product_tag":[],"class_list":{"0":"post-15092","1":"product","2":"type-product","3":"status-publish","4":"has-post-thumbnail","6":"product_brand-bird-of-paradise","7":"product_cat-accessoires","9":"first","10":"instock","11":"taxable","12":"shipping-taxable","13":"purchasable","14":"product-type-variable"},"_links":{"self":[{"href":"https:\/\/birdofparadise.pt\/fr\/wp-json\/wp\/v2\/product\/15092","targetHints":{"allow":["GET"]}}],"collection":[{"href":"https:\/\/birdofparadise.pt\/fr\/wp-json\/wp\/v2\/product"}],"about":[{"href":"https:\/\/birdofparadise.pt\/fr\/wp-json\/wp\/v2\/types\/product"}],"replies":[{"embeddable":true,"href":"https:\/\/birdofparadise.pt\/fr\/wp-json\/wp\/v2\/comments?post=15092"}],"version-history":[{"count":0,"href":"https:\/\/birdofparadise.pt\/fr\/wp-json\/wp\/v2\/product\/15092\/revisions"}],"wp:featuredmedia":[{"embeddable":true,"href":"https:\/\/birdofparadise.pt\/fr\/wp-json\/wp\/v2\/media\/15631"}],"wp:attachment":[{"href":"https:\/\/birdofparadise.pt\/fr\/wp-json\/wp\/v2\/media?parent=15092"}],"wp:term":[{"taxonomy":"product_cat","embeddable":true,"href":"https:\/\/birdofparadise.pt\/fr\/wp-json\/wp\/v2\/product_cat?post=15092"},{"taxonomy":"product_tag","embeddable":true,"href":"https:\/\/birdofparadise.pt\/fr\/wp-json\/wp\/v2\/product_tag?post=15092"}],"curies":[{"name":"wp","href":"https:\/\/api.w.org\/{rel}","templated":true}]}}