{"id":15110,"date":"2024-10-06T16:25:34","date_gmt":"2024-10-06T15:25:34","guid":{"rendered":"https:\/\/birdofparadise.pt\/?post_type=product&#038;p=15110"},"modified":"2024-10-15T12:23:16","modified_gmt":"2024-10-15T11:23:16","slug":"organisateur-de-the-style-vintage","status":"publish","type":"product","link":"https:\/\/birdofparadise.pt\/fr\/produit\/organisateur-de-th%C3%A9-style-vintage\/","title":{"rendered":"Organisateur de th\u00e9 style vintage"},"content":{"rendered":"<p>Agr\u00e9mentez votre collection de th\u00e9 avec notre organisateur de sachets de th\u00e9 de style vintage, fabriqu\u00e9 artisanalement au Portugal.<\/p>\n<p>Cette charmante pi\u00e8ce est constitu\u00e9e d&rsquo;une double couche de bois finement ajour\u00e9. La couche int\u00e9rieure pr\u00e9sente un motif g\u00e9om\u00e9trique fin avec une finition de bronze oxyd\u00e9 avec des parties pr\u00e9sentant des reflets m\u00e9talliques de bronze et des parties rappelant le bronze oxyd\u00e9 avec une teinte vert-bleue. La couche ext\u00e9rieure se pr\u00e9sente sous la forme d&rsquo;un motif floral classique en bois vernis acajou. La superposition de ces deux couches produit un motif d\u00e9licat et complexe qui ajoutera une touche d&rsquo;\u00e9l\u00e9gance vintage \u00e0 votre cuisine ou \u00e0 votre salle \u00e0 manger.<\/p>\n<p>Con\u00e7u dans un souci de fonctionnalit\u00e9 et d&rsquo;esth\u00e9tique, l&rsquo;organiseur pr\u00e9sente un int\u00e9rieur spacieux pouvant accueillir confortablement des sachets de th\u00e9 de diff\u00e9rentes tailles. Ses dimensions pratiques facilitent le rangement et la r\u00e9cup\u00e9ration de vos m\u00e9langes pr\u00e9f\u00e9r\u00e9s, en les gardant bien organis\u00e9s et facilement accessibles.<\/p>\n<p>Entretien:<\/p>\n<p>Pour que votre porte-th\u00e9 en bois conserve toujours son aspect parfait, nous vous recommandons de le nettoyer avec un chiffon doux et sec. \u00c9vitez l&rsquo;exposition directe au soleil et aux sources de chaleur excessive, pour pr\u00e9server la couleur naturelle du bois.<\/p>\n<p>Dimensions:<\/p>\n<p>Largeur 14cm, profondeur 30cm, hauteur 7cm, \u00e9paisseur: 6mm<\/p>\n<p>&nbsp;<\/p>\n<p class=\"p1\">\n","protected":false},"excerpt":{"rendered":"<p>Organisateur de th\u00e9 style vintage en bois fabriqu\u00e9 artisanalement au Portugal.<\/p>\n<p>Organisateur de sachets de th\u00e9, cadeau parfait pour les amateurs de th\u00e9, d\u00e9coration de cuisine vintage.<\/p>\n<p>Plus qu&rsquo;une simple solution de rangement pratique, cet organisateur sert de magnifique accent d\u00e9coratif, ajoutant une touche de charme vintage \u00e0 votre int\u00e9rieur.<\/p>\n","protected":false},"featured_media":15621,"comment_status":"open","ping_status":"closed","template":"","meta":[],"product_cat":[254],"product_tag":[],"class_list":{"0":"post-15110","1":"product","2":"type-product","3":"status-publish","4":"has-post-thumbnail","6":"product_brand-bird-of-paradise","7":"product_cat-accessoires","9":"first","10":"instock","11":"taxable","12":"shipping-taxable","13":"purchasable","14":"product-type-simple"},"_links":{"self":[{"href":"https:\/\/birdofparadise.pt\/fr\/wp-json\/wp\/v2\/product\/15110","targetHints":{"allow":["GET"]}}],"collection":[{"href":"https:\/\/birdofparadise.pt\/fr\/wp-json\/wp\/v2\/product"}],"about":[{"href":"https:\/\/birdofparadise.pt\/fr\/wp-json\/wp\/v2\/types\/product"}],"replies":[{"embeddable":true,"href":"https:\/\/birdofparadise.pt\/fr\/wp-json\/wp\/v2\/comments?post=15110"}],"version-history":[{"count":0,"href":"https:\/\/birdofparadise.pt\/fr\/wp-json\/wp\/v2\/product\/15110\/revisions"}],"wp:featuredmedia":[{"embeddable":true,"href":"https:\/\/birdofparadise.pt\/fr\/wp-json\/wp\/v2\/media\/15621"}],"wp:attachment":[{"href":"https:\/\/birdofparadise.pt\/fr\/wp-json\/wp\/v2\/media?parent=15110"}],"wp:term":[{"taxonomy":"product_cat","embeddable":true,"href":"https:\/\/birdofparadise.pt\/fr\/wp-json\/wp\/v2\/product_cat?post=15110"},{"taxonomy":"product_tag","embeddable":true,"href":"https:\/\/birdofparadise.pt\/fr\/wp-json\/wp\/v2\/product_tag?post=15110"}],"curies":[{"name":"wp","href":"https:\/\/api.w.org\/{rel}","templated":true}]}}