{"id":15140,"date":"2024-10-06T16:25:52","date_gmt":"2024-10-06T15:25:52","guid":{"rendered":"https:\/\/birdofparadise.pt\/?post_type=product&#038;p=15140"},"modified":"2024-10-15T12:18:34","modified_gmt":"2024-10-15T11:18:34","slug":"photophore-en-bois-goutte-deau","status":"publish","type":"product","link":"https:\/\/birdofparadise.pt\/fr\/produit\/photophore-en-bois-goutte-deau\/","title":{"rendered":"Photophore en bois Goutte d&rsquo;eau"},"content":{"rendered":"<p>Ce magnifique photophore est fabriqu\u00e9 artisanalement \u00e0 partir de 22 pi\u00e8ces de bois coup\u00e9es individuellement et pr\u00e9-assembl\u00e9es. Il s&rsquo;adapte \u00e0 toutes les bougies chauffe-plats ou bougies \u00e9lectroniques de taille standard (38 &#8211; 40 mm). Ajoutez votre bougie parfum\u00e9e pr\u00e9f\u00e9r\u00e9e pour embellir et personnaliser votre espace de vie.<\/p>\n<p>Les mat\u00e9riaux naturels cr\u00e9ent une magnifique lueur chaude et projettent de superbes ombres sur le mur. Une id\u00e9e cadeau originale pour vos proches.<\/p>\n<p>Les photophores\/bougies ne doivent \u00eatre utilis\u00e9s que par des adultes. Ne laissez jamais une bougie allum\u00e9e sans surveillance.<\/p>\n","protected":false},"excerpt":{"rendered":"<p>Ce bougeoir en bois sculpt\u00e9 en forme de d\u00e9licate goutte d&rsquo;eau, ajoute une touche d&rsquo;\u00e9l\u00e9gance rustique \u00e0 l&rsquo;ambiance de l&rsquo;heure du th\u00e9. Avec sa finition bois vernis acajou, il d\u00e9gage une atmosph\u00e8re chaleureuse et accueillante pour vos rituels de th\u00e9.<\/p>\n<p>La courbe douce de la goutte refl\u00e8te magnifiquement la lumi\u00e8re vacillante de la bougie, jetant une douce lueur qui renforce la tranquillit\u00e9 de vos moments de th\u00e9.<\/p>\n<p>&nbsp;<\/p>\n","protected":false},"featured_media":15611,"comment_status":"open","ping_status":"closed","template":"","meta":[],"product_cat":[254],"product_tag":[],"class_list":{"0":"post-15140","1":"product","2":"type-product","3":"status-publish","4":"has-post-thumbnail","6":"product_brand-bird-of-paradise","7":"product_cat-accessoires","9":"first","10":"instock","11":"taxable","12":"shipping-taxable","13":"purchasable","14":"product-type-simple"},"_links":{"self":[{"href":"https:\/\/birdofparadise.pt\/fr\/wp-json\/wp\/v2\/product\/15140","targetHints":{"allow":["GET"]}}],"collection":[{"href":"https:\/\/birdofparadise.pt\/fr\/wp-json\/wp\/v2\/product"}],"about":[{"href":"https:\/\/birdofparadise.pt\/fr\/wp-json\/wp\/v2\/types\/product"}],"replies":[{"embeddable":true,"href":"https:\/\/birdofparadise.pt\/fr\/wp-json\/wp\/v2\/comments?post=15140"}],"version-history":[{"count":0,"href":"https:\/\/birdofparadise.pt\/fr\/wp-json\/wp\/v2\/product\/15140\/revisions"}],"wp:featuredmedia":[{"embeddable":true,"href":"https:\/\/birdofparadise.pt\/fr\/wp-json\/wp\/v2\/media\/15611"}],"wp:attachment":[{"href":"https:\/\/birdofparadise.pt\/fr\/wp-json\/wp\/v2\/media?parent=15140"}],"wp:term":[{"taxonomy":"product_cat","embeddable":true,"href":"https:\/\/birdofparadise.pt\/fr\/wp-json\/wp\/v2\/product_cat?post=15140"},{"taxonomy":"product_tag","embeddable":true,"href":"https:\/\/birdofparadise.pt\/fr\/wp-json\/wp\/v2\/product_tag?post=15140"}],"curies":[{"name":"wp","href":"https:\/\/api.w.org\/{rel}","templated":true}]}}