{"id":15846,"date":"2024-11-08T11:10:30","date_gmt":"2024-11-08T10:10:30","guid":{"rendered":"https:\/\/birdofparadise.pt\/?post_type=product&#038;p=15846"},"modified":"2024-11-27T12:00:15","modified_gmt":"2024-11-27T11:00:15","slug":"ivan-chai-fermente-avec-argousier-en-granules","status":"publish","type":"product","link":"https:\/\/birdofparadise.pt\/fr\/produit\/ivan-chai-ferment%C3%A9-avec-argousier-en-granules\/","title":{"rendered":"IVAN CHAI ferment\u00e9 avec argousier en granules"},"content":{"rendered":"<p>L&rsquo;Ivan Chai ferment\u00e9 avec argousier en granules est une boisson unique et savoureuse, issue d&rsquo;une combinaison harmonieuse de deux tr\u00e9sors de la nature. Les fleurs d&rsquo;\u00e9pilobe \u00e0 feuilles \u00e9troites, soigneusement ferment\u00e9es, offrent une saveur douce et l\u00e9g\u00e8rement acidul\u00e9e, rappelant le miel et les fruits rouges. Les granules d&rsquo;argousier, riches en vitamine C et en antioxydants, apportent une touche fruit\u00e9e et acidul\u00e9e, ainsi qu&rsquo;une explosion de saveurs et de bienfaits.<\/p>\n<p><strong>Liste des bienfaits reconnus<\/strong>:<\/p>\n<ul>\n<li>Riche en vitamines et min\u00e9raux: IVAN CHAI ferment\u00e9 et l&rsquo;argousier sont d&rsquo;excellentes sources de vitamines et de min\u00e9raux essentiels, notamment la vitamine C, la vitamine E, le potassium, le magn\u00e9sium et le fer;<\/li>\n<li>Antioxydants puissants: Les deux ingr\u00e9dients poss\u00e8dent des propri\u00e9t\u00e9s antioxydantes puissantes, qui aident \u00e0 prot\u00e9ger les cellules contre les dommages caus\u00e9s par les radicaux libres, contribuant ainsi \u00e0 pr\u00e9venir le vieillissement pr\u00e9matur\u00e9 et \u00e0 renforcer le syst\u00e8me immunitaire;<\/li>\n<li>Propri\u00e9t\u00e9s anti-inflammatoires: IVAN CHAI ferment\u00e9 et l&rsquo;argousier ont des propri\u00e9t\u00e9s anti-inflammatoires qui peuvent aider \u00e0 soulager les douleurs et les inflammations;<\/li>\n<li>Favorise la digestion: IVAN CHAI ferment\u00e9 peut aider \u00e0 am\u00e9liorer la digestion et \u00e0 soulager les probl\u00e8mes digestifs, tandis que l&rsquo;argousier favorise la production de suc gastrique;<\/li>\n<li>Effet apaisant: IVAN CHAI ferment\u00e9 a un effet calmant et relaxant, id\u00e9al pour se d\u00e9tendre apr\u00e8s une longue journ\u00e9e;<\/li>\n<li>Boost d&rsquo;\u00e9nergie: L&rsquo;argousier est reconnu pour son effet stimulant et \u00e9nergisant, tandis que IVAN CHAI ferment\u00e9 peut aider \u00e0 am\u00e9liorer la concentration.<\/li>\n<\/ul>\n<p><strong>Conseils d&rsquo;utilisation<\/strong>:<\/p>\n<p>Pour profiter pleinement des bienfaits de ce th\u00e9, il est conseill\u00e9 de le pr\u00e9parer en infusion pendant 5 \u00e0 10 minutes. Vous pouvez ajouter du miel ou du sucre selon vos pr\u00e9f\u00e9rences.<\/p>\n<p>R\u00e9colte de l&rsquo;\u00e9t\u00e9 2024.<br \/>\nProvenant d&rsquo;une zone \u00e9cologiquement propre: Carpates, Ukraine.<\/p>\n","protected":false},"excerpt":{"rendered":"<p class=\"p1\">Ivan Chai ferment\u00e9 avec argousier en granules est une boisson unique et savoureuse, issue d&rsquo;une combinaison harmonieuse de deux tr\u00e9sors de la nature. Les fleurs d&rsquo;\u00e9pilobe \u00e0 feuilles \u00e9troites, soigneusement ferment\u00e9es, offrent une saveur douce et l\u00e9g\u00e8rement acidul\u00e9e, rappelant le miel et les fruits rouges. Les granules d&rsquo;argousier, riches en vitamine C et en antioxydants, apportent une touche fruit\u00e9e et acidul\u00e9e, ainsi qu&rsquo;une explosion de saveurs et de bienfaits.<\/p>\n<p class=\"p1\">Quelle est la diff\u00e9rence entre Ivan Chai ordinaire et Ivan Chai granul\u00e9 ? Le th\u00e9 granul\u00e9 diff\u00e8re du th\u00e9 \u00e0 grandes feuilles en ce qu&rsquo;il a un go\u00fbt plus riche et plus vif. Les feuilles de th\u00e9 granul\u00e9 et ferment\u00e9 sont beaucoup plus fortes que le th\u00e9 ordinaire et plairont \u00e0 de nombreux amateurs de cette boisson agricole d\u00e9licieuse et saine.<\/p>\n","protected":false},"featured_media":15886,"comment_status":"open","ping_status":"closed","template":"","meta":[],"product_cat":[66],"product_tag":[],"class_list":{"0":"post-15846","1":"product","2":"type-product","3":"status-publish","4":"has-post-thumbnail","6":"product_brand-bird-of-paradise","7":"product_cat-thes-therapeutiques","8":"product_shipping_class-1t50","10":"first","11":"instock","12":"taxable","13":"shipping-taxable","14":"purchasable","15":"product-type-variable"},"_links":{"self":[{"href":"https:\/\/birdofparadise.pt\/fr\/wp-json\/wp\/v2\/product\/15846","targetHints":{"allow":["GET"]}}],"collection":[{"href":"https:\/\/birdofparadise.pt\/fr\/wp-json\/wp\/v2\/product"}],"about":[{"href":"https:\/\/birdofparadise.pt\/fr\/wp-json\/wp\/v2\/types\/product"}],"replies":[{"embeddable":true,"href":"https:\/\/birdofparadise.pt\/fr\/wp-json\/wp\/v2\/comments?post=15846"}],"version-history":[{"count":0,"href":"https:\/\/birdofparadise.pt\/fr\/wp-json\/wp\/v2\/product\/15846\/revisions"}],"wp:featuredmedia":[{"embeddable":true,"href":"https:\/\/birdofparadise.pt\/fr\/wp-json\/wp\/v2\/media\/15886"}],"wp:attachment":[{"href":"https:\/\/birdofparadise.pt\/fr\/wp-json\/wp\/v2\/media?parent=15846"}],"wp:term":[{"taxonomy":"product_cat","embeddable":true,"href":"https:\/\/birdofparadise.pt\/fr\/wp-json\/wp\/v2\/product_cat?post=15846"},{"taxonomy":"product_tag","embeddable":true,"href":"https:\/\/birdofparadise.pt\/fr\/wp-json\/wp\/v2\/product_tag?post=15846"}],"curies":[{"name":"wp","href":"https:\/\/api.w.org\/{rel}","templated":true}]}}