{"id":16118,"date":"2025-03-21T19:51:30","date_gmt":"2025-03-21T18:51:30","guid":{"rendered":"https:\/\/birdofparadise.pt\/?post_type=product&#038;p=16118"},"modified":"2025-04-07T18:14:31","modified_gmt":"2025-04-07T17:14:31","slug":"the-rafraichissant-aux-herbes-citron-menthe","status":"publish","type":"product","link":"https:\/\/birdofparadise.pt\/fr\/produit\/th%C3%A9-rafra%C3%AEchissant-aux-herbes-citron-menthe\/","title":{"rendered":"Th\u00e9 rafra\u00eechissant aux herbes Citron-Menthe"},"content":{"rendered":"<p>Notre Th\u00e9 rafra\u00eechissant aux herbes Citron-Menthe apporte de la fra\u00eecheur \u00e0 votre tasse. Ce m\u00e9lange de feuilles de menthe boucl\u00e9e, d&rsquo;\u00e9corces de cynorrhodon, de morceaux de pomme, de verveine citronn\u00e9e, d&rsquo;huile de citron et de menthe ainsi que d&rsquo;\u00e9corces de citron est un compl\u00e9ment parfait pour tous les amateurs de tisanes aux herbes et une v\u00e9ritable exp\u00e9rience gustative pour tous les sens.<\/p>\n<p>Les feuilles de menthe boucl\u00e9e et de menthe poivr\u00e9e procurent une agr\u00e9able fra\u00eecheur, tandis que les \u00e9corces de cynorrhodon et les morceaux de pomme donnent une touche sucr\u00e9e. La verveine citronn\u00e9e est un ingr\u00e9dient particulier de ce m\u00e9lange, car elle apporte une saveur d&rsquo;agrumes unique avec une touche de pamplemousse et de citron vert. Elle en outre des vertus reconnues: Cette plantes, de la famille des <em>Verbenaceae<\/em>, est une plante aromatique et ornementale. Elle est riche en antioxydants, en flavono\u00efdes et en huiles essentielles. La verveine est couramment utilis\u00e9e pour traiter les troubles digestifs, les troubles du sommeil, et r\u00e9duire le stress et l&rsquo;anxi\u00e9t\u00e9. La menthe quant \u00e0 elle, est connue et appr\u00e9ci\u00e9e pour ses nombreuses vertus th\u00e9rapeutiques traditionnelles depuis l&rsquo;Antiquit\u00e9. Ses propri\u00e9t\u00e9s antispasmodiques, analg\u00e9siques, anti-inflammatoires et antimicrobiennes en font une plante de choix dans le traitement de divers troubles digestifs, respiratoires et neurologiques. De plus, son action calmante et relaxante sur le syst\u00e8me nerveux central en fait un rem\u00e8de naturel contre le stress et l&rsquo;anxi\u00e9t\u00e9.<\/p>\n<h6>Ingr\u00e9dients:<\/h6>\n<p>Feuilles de menthe verte (Krause)* (29,8%), \u00e9corces de cynorrhodon*, morceaux de pomme*, verveine citronn\u00e9e* (5%), huile de citron*, feuilles de menthe poivr\u00e9e* (2,5%), \u00e9corces de citron*, huile de menthe.<\/p>\n<p>*Ingr\u00e9dients issus de l&rsquo;agriculture biologique DE-\u00d6KO-039 (Certifi\u00e9 conform\u00e9ment au r\u00e8glement europ\u00e9en sur l&rsquo;agriculture biologique. Agriculture UE \/Agriculture en dehors de l&rsquo;UE). Produit non certifi\u00e9 bio dans sa forme finale (conditionnement).<\/p>\n<p>Nutrition moyenne pour le produit pr\u00e9par\u00e9 (3g\/100 ml):<\/p>\n<table class=\"xmt-4 xtext-2xl xtext-[#222222] md:xtext-3xl\" style=\"height: 428px;\" width=\"1063\">\n<thead class=\"xborder-b-2 xborder-[#222222] xtext-left\">\n<tr>\n<th class=\"xp-1\">Nutrition<\/th>\n<th class=\"xp-1\">Quantit\u00e9<\/th>\n<\/tr>\n<\/thead>\n<tbody>\n<tr>\n<td class=\"xp-1\">\u00c9nergie<\/td>\n<td class=\"xp-1\">9 kJ \/ 2 kcal<\/td>\n<\/tr>\n<tr>\n<td class=\"xp-1\">Mati\u00e8res grasses<\/td>\n<td class=\"xp-1\">&lt; 0.1 g<\/td>\n<\/tr>\n<tr>\n<td class=\"xp-1\">Acides gras<\/td>\n<td class=\"xp-1\">&lt; 0.1 g<\/td>\n<\/tr>\n<tr>\n<td class=\"xp-1\">Glucides<\/td>\n<td class=\"xp-1\">&lt; 0.1 g<\/td>\n<\/tr>\n<tr>\n<td class=\"xp-1\">Sucre<\/td>\n<td class=\"xp-1\">&lt; 0.1 g<\/td>\n<\/tr>\n<tr>\n<td class=\"xp-1\">Prot\u00e9ine<\/td>\n<td class=\"xp-1\">0.2 g<\/td>\n<\/tr>\n<tr>\n<td class=\"xp-1\">Sel<\/td>\n<td class=\"xp-1\">&lt; 0.01 g<\/td>\n<\/tr>\n<\/tbody>\n<\/table>\n<div class=\"xmt-6\">\n<div class=\"xrounded-lg xbg-[#f5f5f5] xpx-6 xpy-4\">\n<h6>Conseils de pr\u00e9paration:<\/h6>\n<ul>\n<li class=\"xtext-xl xfont-semibold xtext-[#484848]\"><strong><em>Temp\u00e9rature de l&rsquo;eau<\/em><\/strong>: 100 \u00b0C<\/li>\n<li class=\"xtext-xl xfont-semibold xtext-[#484848]\"><em><strong>Temps d&rsquo;infusion<\/strong><\/em>: 5-8 minutes<\/li>\n<li class=\"xtext-xl xfont-semibold xtext-[#484848]\"><strong><em>Dosage<\/em><\/strong>: 2,5 g \/ 200 ml<\/li>\n<\/ul>\n<\/div>\n<\/div>\n","protected":false},"excerpt":{"rendered":"<p>Ce th\u00e9 rafra\u00eechissant aux herbes Citron-Menthe apporte de la fra\u00eecheur \u00e0 votre tasse. Ce m\u00e9lange \u00e0 base de feuilles de menthe boucl\u00e9e, d&rsquo;\u00e9corces de cynorrhodon, de morceaux de pomme, de verveine citronn\u00e9e, d&rsquo;huile de citron et de menthe ainsi que d&rsquo;\u00e9corces de citron est un compl\u00e9ment parfait pour tous les amateurs de tisanes et une v\u00e9ritable exp\u00e9rience gustative pour les sens.<\/p>\n<p>Ce th\u00e9 par ses ingr\u00e9dients peut aider le corps \u00e0 r\u00e9duire l&rsquo;inflammation, stimuler le syst\u00e8me immunitaire et soulager les sympt\u00f4mes de stress. En outre il apporte un effet apaisant sur le corps et l&rsquo;esprit et peut aider \u00e0 soulager l&rsquo;insomnie.<\/p>\n","protected":false},"featured_media":17606,"comment_status":"open","ping_status":"closed","template":"","meta":[],"product_cat":[238,54,66,64],"product_tag":[],"class_list":{"0":"post-16118","1":"product","2":"type-product","3":"status-publish","4":"has-post-thumbnail","6":"product_brand-bird-of-paradise","7":"product_cat-printemps","8":"product_cat-thes-printaniers","9":"product_cat-thes-therapeutiques","10":"product_cat-tisanes","12":"first","13":"instock","14":"taxable","15":"shipping-taxable","16":"purchasable","17":"product-type-variable"},"_links":{"self":[{"href":"https:\/\/birdofparadise.pt\/fr\/wp-json\/wp\/v2\/product\/16118","targetHints":{"allow":["GET"]}}],"collection":[{"href":"https:\/\/birdofparadise.pt\/fr\/wp-json\/wp\/v2\/product"}],"about":[{"href":"https:\/\/birdofparadise.pt\/fr\/wp-json\/wp\/v2\/types\/product"}],"replies":[{"embeddable":true,"href":"https:\/\/birdofparadise.pt\/fr\/wp-json\/wp\/v2\/comments?post=16118"}],"version-history":[{"count":0,"href":"https:\/\/birdofparadise.pt\/fr\/wp-json\/wp\/v2\/product\/16118\/revisions"}],"wp:featuredmedia":[{"embeddable":true,"href":"https:\/\/birdofparadise.pt\/fr\/wp-json\/wp\/v2\/media\/17606"}],"wp:attachment":[{"href":"https:\/\/birdofparadise.pt\/fr\/wp-json\/wp\/v2\/media?parent=16118"}],"wp:term":[{"taxonomy":"product_cat","embeddable":true,"href":"https:\/\/birdofparadise.pt\/fr\/wp-json\/wp\/v2\/product_cat?post=16118"},{"taxonomy":"product_tag","embeddable":true,"href":"https:\/\/birdofparadise.pt\/fr\/wp-json\/wp\/v2\/product_tag?post=16118"}],"curies":[{"name":"wp","href":"https:\/\/api.w.org\/{rel}","templated":true}]}}