{"id":6228,"date":"2023-10-21T10:43:43","date_gmt":"2023-10-21T09:43:43","guid":{"rendered":"https:\/\/birdofparadise.pt\/wp\/?post_type=product&#038;p=6228"},"modified":"2025-05-06T17:11:13","modified_gmt":"2025-05-06T16:11:13","slug":"tisane-serenite","status":"publish","type":"product","link":"https:\/\/birdofparadise.pt\/fr\/produit\/tisane-serenite\/","title":{"rendered":"Tisane s\u00e9r\u00e9nit\u00e9"},"content":{"rendered":"<p>La tisane s\u00e9r\u00e9nit\u00e9 pour aider \u00e0 r\u00e9duire le stress et \u00e0 promouvoir un sommeil r\u00e9parateur. Fabriqu\u00e9e avec des ingr\u00e9dients biologiques de qualit\u00e9 sup\u00e9rieure, elle offre une douceur \u00e9quilibr\u00e9e et calmante.<\/p>\n<p>Ingr\u00e9dients : Pomme*, citronnelle*, cynorrhodon*, camomille*, Tulsi*, fleurs de souci*, poivre noir*, menthe poivr\u00e9e*, lavande*, Stevia*, fleurs d&rsquo;immortelle*, cardamome*, val\u00e9riane*.<\/p>\n<p>*issus de l&rsquo;agriculture biologique FR-BIO-01 (Certifi\u00e9 conform\u00e9ment au r\u00e8glement europ\u00e9en sur l&rsquo;agriculture biologique. Agriculture UE \/Agriculture en dehors de l&rsquo;UE). Produit non certifi\u00e9 bio dans sa forme finale (conditionnement).<\/p>\n<h6>Conseils de pr\u00e9paration:<\/h6>\n<ul>\n<li><strong><em>Dosage<\/em><\/strong> : 20 &#8211; 25 g\/L<\/li>\n<li><strong><em>Temps d&rsquo;infusion<\/em><\/strong> : 7 &#8211; 10 Min<\/li>\n<li><strong><em>Temp\u00e9rature d&rsquo;infusion<\/em><\/strong> : 100\u00b0 C<\/li>\n<\/ul>\n","protected":false},"excerpt":{"rendered":"<p>La Tisane S\u00e9r\u00e9nit\u00e9 :<\/p>\n<p>Une tisane naturelle qui aide \u00e0 r\u00e9duire le stress et \u00e0 promouvoir un sommeil r\u00e9parateur. Fabriqu\u00e9e avec des ingr\u00e9dients biologiques de qualit\u00e9 sup\u00e9rieure, elle offre une douceur \u00e9quilibr\u00e9e et calmante.<\/p>\n<p>Elle est fabriqu\u00e9e avec les ingr\u00e9dients suivants issus de l&rsquo;agriculture biologique:<\/p>\n<ul>\n<li>La pomme aide \u00e0 r\u00e9duire le stress et \u00e0 calmer l&rsquo;esprit;<\/li>\n<li>La citronnelle est un puissant anti-inflammatoire qui aide \u00e0 soulager la douleur et \u00e0 r\u00e9duire la inflammation;<\/li>\n<li>Le cynorrhodon est une plante m\u00e9dicinale qui a des propri\u00e9t\u00e9s calmantes et relaxantes;<\/li>\n<li>La camomille aide \u00e0 r\u00e9duire le stress, \u00e0 calmer l&rsquo;esprit et \u00e0 am\u00e9liorer la qualit\u00e9 du sommeil;<\/li>\n<li>La Tulsi aide \u00e0 r\u00e9duire le stress, \u00e0 soulager la douleur et \u00e0 promouvoir un sommeil r\u00e9parateur;<\/li>\n<li>Les fleurs de souci ont des propri\u00e9t\u00e9s calmantes et relaxantes qui aident \u00e0 r\u00e9duire le stress;<\/li>\n<li>Le poivre noir est une plante digestive qui aide \u00e0 soulager la douleur et \u00e0 am\u00e9liorer la digestion;<\/li>\n<li>La menthe poivr\u00e9e a des propri\u00e9t\u00e9s calmantes, stimulantes et anti-inflammatoires qui aident \u00e0 r\u00e9duire le stress, \u00e0 calmer l&rsquo;esprit et \u00e0 am\u00e9liorer la concentration;<\/li>\n<li>La lavande est une plante m\u00e9dicinale qui a des propri\u00e9t\u00e9s relaxantes, antispasmodiques et anti-inflammatoire;<\/li>\n<\/ul>\n<p>La douceur des fleurs vient danser avec la pomme pour offrir une tasse douce et \u00e9quilibr\u00e9e qui calme les \u00e9nergies.<\/p>\n<p>Juste avant de dormir elle favorise un sommeil profond et r\u00e9parateur, pour les petits comme les grands.<\/p>\n<p>Recommendation de pr\u00e9paration:<\/p>\n<p>Faites chauffer une tasse d&rsquo;eau dans une cafeti\u00e8re \u00e0 fleurs ou une th\u00e9i\u00e8re. Ajoutez la quantit\u00e9 appropri\u00e9e (environ 4-5g\/tasse) de Tisane S\u00e9r\u00e9nit\u00e9. Laissez infuser pendant entre 7 et 10 minutes. Filtrer et servir chaud<\/p>\n","protected":false},"featured_media":17926,"comment_status":"open","ping_status":"closed","template":"","meta":[],"product_cat":[64,66],"product_tag":[],"class_list":{"0":"post-6228","1":"product","2":"type-product","3":"status-publish","4":"has-post-thumbnail","6":"product_brand-bird-of-paradise","7":"product_cat-tisanes","8":"product_cat-thes-therapeutiques","10":"first","11":"outofstock","12":"taxable","13":"shipping-taxable","14":"product-type-variable"},"_links":{"self":[{"href":"https:\/\/birdofparadise.pt\/fr\/wp-json\/wp\/v2\/product\/6228","targetHints":{"allow":["GET"]}}],"collection":[{"href":"https:\/\/birdofparadise.pt\/fr\/wp-json\/wp\/v2\/product"}],"about":[{"href":"https:\/\/birdofparadise.pt\/fr\/wp-json\/wp\/v2\/types\/product"}],"replies":[{"embeddable":true,"href":"https:\/\/birdofparadise.pt\/fr\/wp-json\/wp\/v2\/comments?post=6228"}],"version-history":[{"count":1,"href":"https:\/\/birdofparadise.pt\/fr\/wp-json\/wp\/v2\/product\/6228\/revisions"}],"predecessor-version":[{"id":18401,"href":"https:\/\/birdofparadise.pt\/fr\/wp-json\/wp\/v2\/product\/6228\/revisions\/18401"}],"wp:featuredmedia":[{"embeddable":true,"href":"https:\/\/birdofparadise.pt\/fr\/wp-json\/wp\/v2\/media\/17926"}],"wp:attachment":[{"href":"https:\/\/birdofparadise.pt\/fr\/wp-json\/wp\/v2\/media?parent=6228"}],"wp:term":[{"taxonomy":"product_cat","embeddable":true,"href":"https:\/\/birdofparadise.pt\/fr\/wp-json\/wp\/v2\/product_cat?post=6228"},{"taxonomy":"product_tag","embeddable":true,"href":"https:\/\/birdofparadise.pt\/fr\/wp-json\/wp\/v2\/product_tag?post=6228"}],"curies":[{"name":"wp","href":"https:\/\/api.w.org\/{rel}","templated":true}]}}