{"id":6246,"date":"2023-10-21T10:47:00","date_gmt":"2023-10-21T09:47:00","guid":{"rendered":"https:\/\/birdofparadise.pt\/wp\/?post_type=product&#038;p=6246"},"modified":"2025-03-31T16:20:16","modified_gmt":"2025-03-31T15:20:16","slug":"the-vert-earl-grey-bergamote","status":"publish","type":"product","link":"https:\/\/birdofparadise.pt\/fr\/produit\/the-vert-earl-grey-bergamote\/","title":{"rendered":"Th\u00e9 vert Earl Grey (Bergamote)"},"content":{"rendered":"<p><strong>Ar\u00f4me naturel : <\/strong>Bergamote<\/p>\n<p><strong>Ingr\u00e9dients : <\/strong>Th\u00e9 vert China Sencha*, ar\u00f4me naturel (bergamote).<\/p>\n<p>*Ingr\u00e9dients issus de l&rsquo;agriculture biologique FR-BIO-01 (Certifi\u00e9 conform\u00e9ment au r\u00e8glement europ\u00e9en sur l&rsquo;agriculture biologique. Agriculture UE \/Agriculture en dehors de l&rsquo;UE). Produit non certifi\u00e9 bio dans sa forme finale (conditionnement).<\/p>\n<h6>Conseils de pr\u00e9paration:<\/h6>\n<ul>\n<li><em><strong>Dosage<\/strong><\/em>\u00a0: 10 &#8211; 15 g\/L<\/li>\n<li><em><strong>Temps d&rsquo;infusion<\/strong><\/em>\u00a0: 2 &#8211; 3 Min<\/li>\n<li><strong><em>Temp\u00e9rature d&rsquo;infusion<\/em><\/strong>\u00a0: 70 &#8211; 80\u00b0 C<\/li>\n<\/ul>\n","protected":false},"excerpt":{"rendered":"<p>Le th\u00e9 vert Earl Grey (Bergamote) est une d\u00e9licieuse variante du c\u00e9l\u00e8bre Earl Grey, mais avec une base de\u00a0th\u00e9 vert Sencha\u00a0au lieu du th\u00e9 noir traditionnel. Voici tout ce que vous devez savoir sur cette infusion parfum\u00e9e :<\/p>\n<ol>\n<li><strong>Origine et Composition\u00a0:<\/strong>\n<ul>\n<li>Le\u00a0Sencha Earl Grey\u00a0associe la\u00a0finesse du th\u00e9 vert Sencha\u00a0\u00e0 l\u2019ar\u00f4me d\u00e9licat de la\u00a0bergamote.<\/li>\n<li>La\u00a0bergamote\u00a0est un agrume originaire de Sicile, qui ressemble \u00e0 un citron vert l\u00e9g\u00e8rement caboss\u00e9. Son zeste diffuse un parfum puissant et caract\u00e9ristique.<\/li>\n<li>Contrairement au th\u00e9 noir Earl Grey, cette version utilise du\u00a0th\u00e9 vert Sencha\u00a0comme base.<\/li>\n<\/ul>\n<\/li>\n<li><strong>Saveur et Caract\u00e9ristiques\u00a0:<\/strong>\n<ul>\n<li>Le\u00a0Sencha Earl Grey\u00a0est plus doux que le classique th\u00e9 noir Earl Grey.<\/li>\n<li>Il offre un m\u00e9lange subtil de saveurs fruit\u00e9es et v\u00e9g\u00e9tales.<\/li>\n<li>La bergamote apporte une touche de fra\u00eecheur \u00e0 ce th\u00e9 vert aromatis\u00e9.<\/li>\n<\/ul>\n<\/li>\n<li><strong>Bienfaits\u00a0:<\/strong>\n<ul>\n<li>Comme la plupart des agrumes, la\u00a0bergamote\u00a0est riche en\u00a0vitamine C, un antioxydant qui ralentit le vieillissement cellulaire.<\/li>\n<li>Elle est id\u00e9ale pour\u00a0booster le syst\u00e8me immunitaire\u00a0et apporter de l\u2019\u00e9nergie.<\/li>\n<li>Sous forme d\u2019infusion, elle facilite la digestion et soulage les troubles digestifs.<\/li>\n<li>L\u2019huile essentielle de bergamote a \u00e9galement des propri\u00e9t\u00e9s apaisantes, r\u00e9gulant le stress et favorisant le sommeil.<\/li>\n<\/ul>\n<\/li>\n<li><strong>Pr\u00e9paration\u00a0<\/strong>:\n<ul>\n<li>Utilisez une eau \u00e0 70-80\u00b0C\u00a0pour infuser le th\u00e9.<\/li>\n<li>Laissez infuser pendant environ\u00a03 minutes, mais ajustez selon votre go\u00fbt.<\/li>\n<li>Le\u00a0Sencha Earl Grey\u00a0est id\u00e9al pour une d\u00e9gustation matinale.<\/li>\n<\/ul>\n<\/li>\n<\/ol>\n<p>En r\u00e9sum\u00e9, le\u00a0Sencha Earl Grey\u00a0est un incontournable pour les amateurs de th\u00e9 qui souhaitent explorer une version plus l\u00e9g\u00e8re et parfum\u00e9e de l\u2019embl\u00e9matique Earl Grey.<\/p>\n<p>&nbsp;<\/p>\n","protected":false},"featured_media":17745,"comment_status":"open","ping_status":"closed","template":"","meta":[],"product_cat":[62,79,38,34],"product_tag":[],"class_list":{"0":"post-6246","1":"product","2":"type-product","3":"status-publish","4":"has-post-thumbnail","6":"product_brand-bird-of-paradise","7":"product_cat-thes-verts","8":"product_cat-chine","9":"product_cat-thes-classiques","10":"product_cat-thes-petit-dejeune","12":"first","13":"instock","14":"taxable","15":"shipping-taxable","16":"purchasable","17":"product-type-variable"},"_links":{"self":[{"href":"https:\/\/birdofparadise.pt\/fr\/wp-json\/wp\/v2\/product\/6246","targetHints":{"allow":["GET"]}}],"collection":[{"href":"https:\/\/birdofparadise.pt\/fr\/wp-json\/wp\/v2\/product"}],"about":[{"href":"https:\/\/birdofparadise.pt\/fr\/wp-json\/wp\/v2\/types\/product"}],"replies":[{"embeddable":true,"href":"https:\/\/birdofparadise.pt\/fr\/wp-json\/wp\/v2\/comments?post=6246"}],"version-history":[{"count":0,"href":"https:\/\/birdofparadise.pt\/fr\/wp-json\/wp\/v2\/product\/6246\/revisions"}],"wp:featuredmedia":[{"embeddable":true,"href":"https:\/\/birdofparadise.pt\/fr\/wp-json\/wp\/v2\/media\/17745"}],"wp:attachment":[{"href":"https:\/\/birdofparadise.pt\/fr\/wp-json\/wp\/v2\/media?parent=6246"}],"wp:term":[{"taxonomy":"product_cat","embeddable":true,"href":"https:\/\/birdofparadise.pt\/fr\/wp-json\/wp\/v2\/product_cat?post=6246"},{"taxonomy":"product_tag","embeddable":true,"href":"https:\/\/birdofparadise.pt\/fr\/wp-json\/wp\/v2\/product_tag?post=6246"}],"curies":[{"name":"wp","href":"https:\/\/api.w.org\/{rel}","templated":true}]}}