{"id":6256,"date":"2023-10-21T10:43:43","date_gmt":"2023-10-21T09:43:43","guid":{"rendered":"https:\/\/birdofparadise.pt\/wp\/?post_type=product&#038;p=6256"},"modified":"2026-02-19T10:48:35","modified_gmt":"2026-02-19T09:48:35","slug":"rooibos","status":"publish","type":"product","link":"https:\/\/birdofparadise.pt\/fr\/produit\/rooibos\/","title":{"rendered":"Rooibos"},"content":{"rendered":"<h6>Rooibos:<\/h6>\n<p>Ingr\u00e9dients : Rooibos naturel non aromatis\u00e9*<\/p>\n<p>*Ingr\u00e9dients issus de l&rsquo;agriculture biologique FR-BIO-01 (Certifi\u00e9 conform\u00e9ment au r\u00e8glement europ\u00e9en sur l&rsquo;agriculture biologique. Agriculture UE \/Agriculture en dehors de l&rsquo;UE). Produit non certifi\u00e9 bio dans sa forme finale (conditionnement).<\/p>\n<h6>Conseils de pr\u00e9paration:<\/h6>\n<ul>\n<li>Dosage : 15 &#8211; 20 g\/L<\/li>\n<li>Temps d&rsquo;infusion : 7 &#8211; 10 Min<\/li>\n<li>Temp\u00e9rature d&rsquo;infusion : 100 \u00b0 C<\/li>\n<\/ul>\n","protected":false},"excerpt":{"rendered":"<p>Le rooibos est un arbuste originaire d&rsquo;Afrique du Sud, d\u00e9couvert par les indig\u00e8nes Khoisan il y a des si\u00e8cles et popularis\u00e9 plus tard par les colons hollandais au XVIIe si\u00e8cle.<\/p>\n<p>Il est connu pour sa haute teneur en antioxydants et poss\u00e8de des propri\u00e9t\u00e9s anti-inflammatoires qui peuvent aider \u00e0 r\u00e9duire l&rsquo;oxydation et l&rsquo;inflammation dans le corps. Il contient \u00e9galement de l&rsquo;aspalathin, un compos\u00e9 unique avec des avantages potentiels pour la sant\u00e9 cardiovasculaire en diminuant la pression art\u00e9rielle et am\u00e9liorant la circulation sanguine.<\/p>\n<p>En plus de ses bienfaits pour la sant\u00e9, le rooibos est \u00e9galement appr\u00e9ci\u00e9 pour son profil aromatique distinctif. Il offre une couleur rouge brillante et un go\u00fbt doux et frais, avec des notes de vanille et d&rsquo;amande am\u00e8re.<\/p>\n<p>Pour pr\u00e9parer le Rooibos, utilisez 15 \u00e0 20 g par litre d&rsquo;eau l\u00e9g\u00e8rement chaude (temp\u00e9rature d&rsquo;infusion de 100\u00b0 C) pour optimiser les propri\u00e9t\u00e9s d\u00e9toxifiantes et tonifiante du m\u00e9lange.<\/p>\n<p>Le Rooibos peut \u00eatre consomm\u00e9 chaud ou glac\u00e9, en tant que boisson d\u00e9tente ou en cure de 28 jours pour un detox efficace et apaisant.<\/p>\n","protected":false},"featured_media":17860,"comment_status":"open","ping_status":"closed","template":"","meta":[],"product_cat":[63,66],"product_tag":[],"class_list":{"0":"post-6256","1":"product","2":"type-product","3":"status-publish","4":"has-post-thumbnail","6":"product_brand-bird-of-paradise","7":"product_cat-rooibos","8":"product_cat-thes-therapeutiques","10":"first","11":"instock","12":"taxable","13":"shipping-taxable","14":"purchasable","15":"product-type-variable"},"_links":{"self":[{"href":"https:\/\/birdofparadise.pt\/fr\/wp-json\/wp\/v2\/product\/6256","targetHints":{"allow":["GET"]}}],"collection":[{"href":"https:\/\/birdofparadise.pt\/fr\/wp-json\/wp\/v2\/product"}],"about":[{"href":"https:\/\/birdofparadise.pt\/fr\/wp-json\/wp\/v2\/types\/product"}],"replies":[{"embeddable":true,"href":"https:\/\/birdofparadise.pt\/fr\/wp-json\/wp\/v2\/comments?post=6256"}],"version-history":[{"count":0,"href":"https:\/\/birdofparadise.pt\/fr\/wp-json\/wp\/v2\/product\/6256\/revisions"}],"wp:featuredmedia":[{"embeddable":true,"href":"https:\/\/birdofparadise.pt\/fr\/wp-json\/wp\/v2\/media\/17860"}],"wp:attachment":[{"href":"https:\/\/birdofparadise.pt\/fr\/wp-json\/wp\/v2\/media?parent=6256"}],"wp:term":[{"taxonomy":"product_cat","embeddable":true,"href":"https:\/\/birdofparadise.pt\/fr\/wp-json\/wp\/v2\/product_cat?post=6256"},{"taxonomy":"product_tag","embeddable":true,"href":"https:\/\/birdofparadise.pt\/fr\/wp-json\/wp\/v2\/product_tag?post=6256"}],"curies":[{"name":"wp","href":"https:\/\/api.w.org\/{rel}","templated":true}]}}