{"id":6257,"date":"2023-10-21T10:43:43","date_gmt":"2023-10-21T09:43:43","guid":{"rendered":"https:\/\/birdofparadise.pt\/wp\/?post_type=product&#038;p=6257"},"modified":"2025-04-11T11:01:14","modified_gmt":"2025-04-11T10:01:14","slug":"the-vert-hojicha","status":"publish","type":"product","link":"https:\/\/birdofparadise.pt\/fr\/produit\/the-vert-hojicha\/","title":{"rendered":"Th\u00e9 vert HOJICHA"},"content":{"rendered":"<h6>Th\u00e9 vert HOJICHA:<\/h6>\n<p>Th\u00e9 vert nature Kukicha torr\u00e9fi\u00e9 qui s&rsquo;accompagne joliment avec vos desserts.<\/p>\n<p>Ingr\u00e9dients : 100 % th\u00e9 vert nature torr\u00e9fi\u00e9* de Kyoto (Japon)<\/p>\n<p>*Ingr\u00e9dients issus de l&rsquo;agriculture biologique FR-BIO-01 (Certifi\u00e9 conform\u00e9ment au r\u00e8glement europ\u00e9en sur l&rsquo;agriculture biologique. Agriculture UE \/Agriculture en dehors de l&rsquo;UE). Produit non certifi\u00e9 bio dans sa forme finale (conditionnement).<\/p>\n<h6>Conseils de pr\u00e9paration:<\/h6>\n<ul>\n<li><strong><em>Dosage<\/em> <\/strong>: 12 &#8211; 15 g\/L<\/li>\n<li><em><strong>Temps d&rsquo;infusion<\/strong><\/em> : 2 &#8211; 3 Min<\/li>\n<li><em><strong>Temp\u00e9rature d&rsquo;infusion<\/strong><\/em> : 70 &#8211; 80\u00b0 C<\/li>\n<\/ul>\n<p>&nbsp;<\/p>\n","protected":false},"excerpt":{"rendered":"<p>Le th\u00e9 vert HOJICHA est un th\u00e9 vert torr\u00e9fi\u00e9 issu du Kyoto, au Japon poss\u00e8dant des propri\u00e9t\u00e9s tonifiantes et digestives qui contribuent \u00e0 lutter contre la fatigue physique et mentale.<\/p>\n<p>Il se compose d&rsquo;une s\u00e9lection fine des feuilles et des branches de la plante Camellia sinensis<\/p>\n<p>Son infusion lib\u00e8re une liqueur ambr\u00e9e, au parfum chaud de pain grill\u00e9, \u00e0 la saveur sucr\u00e9e relev\u00e9e d&rsquo;une note de noisette. Consomm\u00e9 au Japon apr\u00e8s les repas, sa faible teneur en th\u00e9ine en fait une boisson raffin\u00e9e et app\u00e9tissante de tous les instants pour les amateurs de plaisirs purs et authentiques.<\/p>\n<p>Les conditions de pr\u00e9paration recommand\u00e9es pour le Th\u00e9 vert HOJICHA sont une infusion l\u00e9g\u00e8rement chaude, avec une temp\u00e9rature d&rsquo;infusion comprise entre 70\u00b0 C et 80\u00b0 C. Il est conseill\u00e9 d&rsquo;utiliser un dosage de 12 \u00e0 15 grammes par litre d&rsquo;eau pure min\u00e9rale. L&rsquo;infusion doit durer de 2 \u00e0 3 minutes pour optimiser le go\u00fbt et les propri\u00e9t\u00e9s d\u00e9toxifiantes du m\u00e9lange.<\/p>\n","protected":false},"featured_media":17770,"comment_status":"open","ping_status":"closed","template":"","meta":[],"product_cat":[62,80,38],"product_tag":[],"class_list":{"0":"post-6257","1":"product","2":"type-product","3":"status-publish","4":"has-post-thumbnail","6":"product_brand-bird-of-paradise","7":"product_cat-thes-verts","8":"product_cat-japon","9":"product_cat-thes-classiques","11":"first","12":"instock","13":"taxable","14":"shipping-taxable","15":"purchasable","16":"product-type-variable"},"_links":{"self":[{"href":"https:\/\/birdofparadise.pt\/fr\/wp-json\/wp\/v2\/product\/6257","targetHints":{"allow":["GET"]}}],"collection":[{"href":"https:\/\/birdofparadise.pt\/fr\/wp-json\/wp\/v2\/product"}],"about":[{"href":"https:\/\/birdofparadise.pt\/fr\/wp-json\/wp\/v2\/types\/product"}],"replies":[{"embeddable":true,"href":"https:\/\/birdofparadise.pt\/fr\/wp-json\/wp\/v2\/comments?post=6257"}],"version-history":[{"count":0,"href":"https:\/\/birdofparadise.pt\/fr\/wp-json\/wp\/v2\/product\/6257\/revisions"}],"wp:featuredmedia":[{"embeddable":true,"href":"https:\/\/birdofparadise.pt\/fr\/wp-json\/wp\/v2\/media\/17770"}],"wp:attachment":[{"href":"https:\/\/birdofparadise.pt\/fr\/wp-json\/wp\/v2\/media?parent=6257"}],"wp:term":[{"taxonomy":"product_cat","embeddable":true,"href":"https:\/\/birdofparadise.pt\/fr\/wp-json\/wp\/v2\/product_cat?post=6257"},{"taxonomy":"product_tag","embeddable":true,"href":"https:\/\/birdofparadise.pt\/fr\/wp-json\/wp\/v2\/product_tag?post=6257"}],"curies":[{"name":"wp","href":"https:\/\/api.w.org\/{rel}","templated":true}]}}