{"id":6852,"date":"2023-12-17T17:30:56","date_gmt":"2023-12-17T16:30:56","guid":{"rendered":"https:\/\/birdofparadise.pt\/?post_type=product&#038;p=6852"},"modified":"2025-11-27T15:49:28","modified_gmt":"2025-11-27T14:49:28","slug":"the-noir-inde","status":"publish","type":"product","link":"https:\/\/birdofparadise.pt\/fr\/produit\/the-noir-dinde\/","title":{"rendered":"Th\u00e9 Noir d&rsquo;Inde"},"content":{"rendered":"<p><strong>Ingr\u00e9dients : <\/strong>Th\u00e9 Noir d&rsquo;Inde*, non aromatis\u00e9.<\/p>\n<p><strong>Origine:<\/strong> Inde, r\u00e9gion du Kerala, commerce \u00e9quitable<\/p>\n<p>*Ingr\u00e9dients issus de l&rsquo;agriculture biologique FR-BIO-01 (Certifi\u00e9 conform\u00e9ment au r\u00e8glement europ\u00e9en sur l&rsquo;agriculture biologique. Agriculture UE \/Agriculture en dehors de l&rsquo;UE). Produit non certifi\u00e9 bio dans sa forme finale (conditionnement).<\/p>\n<h6>Conseils de pr\u00e9paration:<\/h6>\n<ul>\n<li><em><strong>Dosage<\/strong><\/em> : 12 &#8211; 15 g\/L<\/li>\n<li><em><strong>Temps d&rsquo;infusion<\/strong><\/em> : 3 &#8211; 5 Min<\/li>\n<li><strong><em>Temp\u00e9rature d&rsquo;infusion<\/em><\/strong> : 100\u00b0 C<\/li>\n<\/ul>\n","protected":false},"excerpt":{"rendered":"<p>Ce th\u00e9 noir d&rsquo;Inde est originaire de la r\u00e9gion du Kerala, dans le sud-ouest de l&rsquo;Inde. Cette vari\u00e9t\u00e9 de th\u00e9 a \u00e9t\u00e9 cultiv\u00e9e et consomm\u00e9e depuis des si\u00e8cles dans cette r\u00e9gion, o\u00f9 elle est souvent pr\u00e9par\u00e9e avec une certaine douceur et un go\u00fbt distinctif.<\/p>\n<p>Ce th\u00e9 noir d&rsquo;Inde pr\u00e9sente une saveur d\u00e9licate qui se situe \u00e0 mi-chemin entre le th\u00e9 noir et le th\u00e9 vert, avec des notes de fruits rouges et de fleurs fra\u00eeches. Il est g\u00e9n\u00e9ralement moins fort que les autres vari\u00e9t\u00e9s de th\u00e9 noir et offre un go\u00fbt plus subtile et rafra\u00eechissant.<\/p>\n<p>Bienfaits du Th\u00e9 Noir d&rsquo;Inde :<\/p>\n<p>Ce th\u00e9 noir d&rsquo;Inde, comme tous les th\u00e9s, est riche en antioxydants qui prot\u00e8gent le corps contre les dommages caus\u00e9s par les radicaux libres. Il contient \u00e9galement des flavono\u00efdes et des polyph\u00e9nols qui peuvent aider \u00e0 r\u00e9duire l&rsquo;inflammation et am\u00e9liorer la sant\u00e9 cardiovasculaire. De plus, il est riche en caf\u00e9ine, ce qui peut aider \u00e0 stimuler le m\u00e9tabolisme et \u00e0 augmenter l&rsquo;attention et la concentration.<\/p>\n<p>Pour pr\u00e9parer un th\u00e9 noir d&rsquo;Inde, chauffez de l&rsquo;eau jusqu&rsquo;\u00e0 \u00e9bullition, puis laissez-la refroidir l\u00e9g\u00e8rement avant de verser le th\u00e9 dans une tasse. Ajoutez du sucre ou du miel et du lait (si vous le pr\u00e9f\u00e9rez) et agitez bien pour que les gouttes de liquide se forment sur les feuilles. Laissez infuser pendant quelques minutes, puis servez chaud ou \u00e0 temp\u00e9rature ambiante. Vous pouvez ajouter des \u00e9pices comme du cardamome ou du poivre noir pour accentuer le go\u00fbt unique du th\u00e9 noir d&rsquo;Inde.<\/p>\n","protected":false},"featured_media":17938,"comment_status":"open","ping_status":"closed","template":"","meta":[],"product_cat":[60,94,34],"product_tag":[],"class_list":{"0":"post-6852","1":"product","2":"type-product","3":"status-publish","4":"has-post-thumbnail","6":"product_brand-bird-of-paradise","7":"product_cat-thes-noirs","8":"product_cat-inde","9":"product_cat-thes-petit-dejeune","11":"first","12":"outofstock","13":"taxable","14":"shipping-taxable","15":"product-type-variable"},"_links":{"self":[{"href":"https:\/\/birdofparadise.pt\/fr\/wp-json\/wp\/v2\/product\/6852","targetHints":{"allow":["GET"]}}],"collection":[{"href":"https:\/\/birdofparadise.pt\/fr\/wp-json\/wp\/v2\/product"}],"about":[{"href":"https:\/\/birdofparadise.pt\/fr\/wp-json\/wp\/v2\/types\/product"}],"replies":[{"embeddable":true,"href":"https:\/\/birdofparadise.pt\/fr\/wp-json\/wp\/v2\/comments?post=6852"}],"version-history":[{"count":2,"href":"https:\/\/birdofparadise.pt\/fr\/wp-json\/wp\/v2\/product\/6852\/revisions"}],"predecessor-version":[{"id":18442,"href":"https:\/\/birdofparadise.pt\/fr\/wp-json\/wp\/v2\/product\/6852\/revisions\/18442"}],"wp:featuredmedia":[{"embeddable":true,"href":"https:\/\/birdofparadise.pt\/fr\/wp-json\/wp\/v2\/media\/17938"}],"wp:attachment":[{"href":"https:\/\/birdofparadise.pt\/fr\/wp-json\/wp\/v2\/media?parent=6852"}],"wp:term":[{"taxonomy":"product_cat","embeddable":true,"href":"https:\/\/birdofparadise.pt\/fr\/wp-json\/wp\/v2\/product_cat?post=6852"},{"taxonomy":"product_tag","embeddable":true,"href":"https:\/\/birdofparadise.pt\/fr\/wp-json\/wp\/v2\/product_tag?post=6852"}],"curies":[{"name":"wp","href":"https:\/\/api.w.org\/{rel}","templated":true}]}}