{"id":6861,"date":"2023-12-17T17:25:43","date_gmt":"2023-12-17T16:25:43","guid":{"rendered":"https:\/\/birdofparadise.pt\/?post_type=product&#038;p=6861"},"modified":"2025-02-26T13:44:00","modified_gmt":"2025-02-26T12:44:00","slug":"the-noir-aux-epices-festives-cannelle-vanille","status":"publish","type":"product","link":"https:\/\/birdofparadise.pt\/fr\/produit\/the-noir-aux-epices-festives\/","title":{"rendered":"Th\u00e9 noir aux \u00e9pices festives (cannelle, vanille)"},"content":{"rendered":"<p><strong>Ar\u00f4me naturel : <\/strong>Cannelle-vanille<\/p>\n<p><strong>Ingr\u00e9dients : <\/strong>Th\u00e9 noir Ceylan, Inde du Sud, Chine, pomme, \u00e9corces d&rsquo;orange, amande, p\u00e9tales de rose, morceaux de cannelle, ar\u00f4me, clou de girofle, vanille.<\/p>\n<p><em><strong>Dosage<\/strong><\/em>: 12 &#8211; 15 g\/L<br \/>\n<em><strong>Temps d&rsquo;infusion<\/strong><\/em> : 3 &#8211; 5 Min<br \/>\n<strong><em>Temp\u00e9rature d&rsquo;infusion<\/em><\/strong> : 100\u00b0 C<\/p>\n","protected":false},"excerpt":{"rendered":"<p>Th\u00e9 Noir aux \u00e9pices festives : une invitation \u00e0 la d\u00e9couverte du monde myst\u00e9rieux et enchant\u00e9 de l&rsquo;Extr\u00eame-Orient. C\u00e9l\u00e9brez les f\u00eates avec ce d\u00e9licieux th\u00e9 noir, une combinaison savoureuse de tradition et modernit\u00e9 qui vous emportera dans un voyage sensuel \u00e0 travers le Sri Lanka et l&rsquo;Inde.<\/p>\n<p>Nos feuilles de th\u00e9 sont soigneusement s\u00e9lectionn\u00e9es pour offrir la richesse et le go\u00fbt unique du th\u00e9 noir Ceylan et Inde du Sud, \u00e9paul\u00e9s par les douceurs sucr\u00e9es des pomme, \u00e9corces d&rsquo;orange, amande et p\u00e9tales de rose.<\/p>\n<p>L&rsquo;ar\u00f4me naturel de cannelle-vanille ajoute une touche festive \u00e0 cette boisson rafra\u00eechissante, enveloppant votre palais d&rsquo;une douce chaleur qui vous transportera dans un monde d&rsquo;exploration sensorielle.<\/p>\n<p>Les notes chaudes et r\u00e9confortantes de la cannelle, du clou de girofle, de l&rsquo;amande et de la vanille se m\u00ealent harmonieusement \u00e0 la base cors\u00e9e du th\u00e9 noir selectionn\u00e9, offrant une exp\u00e9rience unique qui vous emportera dans un monde d&rsquo;extase sensorielle.<\/p>\n<p>C\u00e9l\u00e9brez les f\u00eates avec ce d\u00e9licieux th\u00e9 aux \u00e9pices festives et d\u00e9couvrez l&rsquo;essence de l&rsquo;Inde et du Sri Lanka, deux pays riche en histoire et en saveurs exotiques.<\/p>\n","protected":false},"featured_media":11031,"comment_status":"open","ping_status":"closed","template":"","meta":[],"product_cat":[60,79,94,267],"product_tag":[],"class_list":{"0":"post-6861","1":"product","2":"type-product","3":"status-publish","4":"has-post-thumbnail","6":"product_brand-bird-of-paradise","7":"product_cat-thes-noirs","8":"product_cat-chine","9":"product_cat-inde","10":"product_cat-thes-de-noel","12":"first","13":"outofstock","14":"taxable","15":"shipping-taxable","16":"product-type-variable"},"_links":{"self":[{"href":"https:\/\/birdofparadise.pt\/fr\/wp-json\/wp\/v2\/product\/6861","targetHints":{"allow":["GET"]}}],"collection":[{"href":"https:\/\/birdofparadise.pt\/fr\/wp-json\/wp\/v2\/product"}],"about":[{"href":"https:\/\/birdofparadise.pt\/fr\/wp-json\/wp\/v2\/types\/product"}],"replies":[{"embeddable":true,"href":"https:\/\/birdofparadise.pt\/fr\/wp-json\/wp\/v2\/comments?post=6861"}],"version-history":[{"count":0,"href":"https:\/\/birdofparadise.pt\/fr\/wp-json\/wp\/v2\/product\/6861\/revisions"}],"wp:featuredmedia":[{"embeddable":true,"href":"https:\/\/birdofparadise.pt\/fr\/wp-json\/wp\/v2\/media\/11031"}],"wp:attachment":[{"href":"https:\/\/birdofparadise.pt\/fr\/wp-json\/wp\/v2\/media?parent=6861"}],"wp:term":[{"taxonomy":"product_cat","embeddable":true,"href":"https:\/\/birdofparadise.pt\/fr\/wp-json\/wp\/v2\/product_cat?post=6861"},{"taxonomy":"product_tag","embeddable":true,"href":"https:\/\/birdofparadise.pt\/fr\/wp-json\/wp\/v2\/product_tag?post=6861"}],"curies":[{"name":"wp","href":"https:\/\/api.w.org\/{rel}","templated":true}]}}