{"id":6870,"date":"2023-12-17T17:36:49","date_gmt":"2023-12-17T16:36:49","guid":{"rendered":"https:\/\/birdofparadise.pt\/?post_type=product&#038;p=6870"},"modified":"2025-03-21T20:09:08","modified_gmt":"2025-03-21T19:09:08","slug":"fleurs-dhibiscus-bio","status":"publish","type":"product","link":"https:\/\/birdofparadise.pt\/fr\/produit\/fleurs-dhibiscus-bio\/","title":{"rendered":"Fleurs d&rsquo;hibiscus BIO"},"content":{"rendered":"<p><strong><span style=\"vertical-align: inherit;\"><span style=\"vertical-align: inherit;\">Ingr\u00e9dients :<\/span><\/span><\/strong><span style=\"vertical-align: inherit;\"><span style=\"vertical-align: inherit;\"> Fleurs d&rsquo;hibiscus BIO<\/span><\/span><\/p>\n<p><strong><span style=\"vertical-align: inherit;\"><span style=\"vertical-align: inherit;\">Origine :\u00a0<\/span><\/span><\/strong><span style=\"vertical-align: inherit;\"><span style=\"vertical-align: inherit;\"> EGYPTE<\/span><\/span><\/p>\n<p><strong><span style=\"vertical-align: inherit;\"><span style=\"vertical-align: inherit;\">D\u00e9signation latine : <\/span><\/span><\/strong><em><span style=\"vertical-align: inherit;\"><span style=\"vertical-align: inherit;\">Hibiscus sabdariffa<\/span><\/span><\/em><\/p>\n<p><em><strong><span style=\"vertical-align: inherit;\"><span style=\"vertical-align: inherit;\">Dosage<\/span><\/span><\/strong><\/em><span style=\"vertical-align: inherit;\"><span style=\"vertical-align: inherit;\"> \u00a0: 13 &#8211; 18 g\/L<\/span><\/span><br \/>\n<em><strong><span style=\"vertical-align: inherit;\"><span style=\"vertical-align: inherit;\"> Temps d&rsquo;infusion<\/span><\/span><\/strong><\/em><span style=\"vertical-align: inherit;\"><span style=\"vertical-align: inherit;\"> \u00a0: 5-10 Min<\/span><\/span><br \/>\n<strong><em><span style=\"vertical-align: inherit;\"><span style=\"vertical-align: inherit;\"> Temp\u00e9rature d&rsquo;infusion<\/span><\/span><\/em><\/strong><span style=\"vertical-align: inherit;\"><span style=\"vertical-align: inherit;\"> \u00a0: 100\u00b0 C<\/span><\/span><\/p>\n<p><strong><span style=\"vertical-align: inherit;\"><span style=\"vertical-align: inherit;\">Certification :<\/span><\/span><\/strong><span style=\"vertical-align: inherit;\"><span style=\"vertical-align: inherit;\"> Bio : Produit issu de l&rsquo;agriculture biologique FR-BIO-01 <\/span><\/span><br \/>\n<a href=\"https:\/\/birdofparadise.pt\/wp-content\/uploads\/2023\/10\/ABlogo-e1697905945440.png\"><img decoding=\"async\" class=\"alignnone wp-image-6348\" src=\"https:\/\/birdofparadise.pt\/wp-content\/uploads\/2023\/10\/ABlogo-300x130.png\" alt=\"Agriculture biologique\" width=\"215\" height=\"93\" \/><\/a><span style=\"vertical-align: inherit;\"><span style=\"vertical-align: inherit;\">Certification selon le R\u00e8glement europ\u00e9en de l&rsquo;agriculture biologique. <\/span><\/span><br \/>\n<span style=\"vertical-align: inherit;\"><span style=\"vertical-align: inherit;\">Agriculture UE <\/span><\/span><br \/>\n<span style=\"vertical-align: inherit;\"><span style=\"vertical-align: inherit;\">Agriculture hors UE<\/span><\/span><\/p>\n","protected":false},"excerpt":{"rendered":"<p><span style=\"vertical-align: inherit;\"><span style=\"vertical-align: inherit;\">Les fleurs d&rsquo;hibiscus proviennent d&rsquo;une plante \u00e0 fleur large et color\u00e9e originaire d&rsquo;Afrique tropicale. Elle est utilis\u00e9e depuis des milliers d&rsquo;ann\u00e9es dans les r\u00e9gions o\u00f9 elle pousse pour ses propri\u00e9t\u00e9s m\u00e9dicinales, notamment en tant que rem\u00e8de naturel contre la fi\u00e8vre, l&rsquo;inflammation et la d\u00e9shydratation.<\/span><\/span><\/p>\n<p><span style=\"vertical-align: inherit;\"><span style=\"vertical-align: inherit;\">Pour pr\u00e9parer une tisane d&rsquo;hibiscus, il suffit de mettre 1 \u00e0 2 cuill\u00e8res \u00e0 soupe de fleurs s\u00e9ch\u00e9es dans un bol, ajouter l&rsquo;eau bouillante et infuser pendant environ 5 minutes. Vous pouvez ensuite ajouter du miel pour donner une douceur sucr\u00e9e au go\u00fbt l\u00e9g\u00e8rement acidul\u00e9 de la tisane.<\/span><\/span><\/p>\n<p><span style=\"vertical-align: inherit;\"><span style=\"vertical-align: inherit;\">La tisane d&rsquo;hibiscus est riche en vitamines C, antioxydants et min\u00e9raux comme le calcium, le potassium et le magn\u00e9sium. Elle a des vertus tonifiantes pour les organes du syst\u00e8me circulatoire, renforce la digestion et am\u00e9liore l&rsquo;absorption des nutriments. De plus, elle est connue pour son action drainante qui peut aider \u00e0 r\u00e9duire la r\u00e9tention d&rsquo;eau et \u00e0 faciliter le transit intestinal.<\/span><\/span><\/p>\n<p><span style=\"vertical-align: inherit;\"><span style=\"vertical-align: inherit;\">En termes de bienfaits pour la sant\u00e9, l&rsquo;hibiscus est particuli\u00e8rement b\u00e9n\u00e9fique pour les personnes souffrant de probl\u00e8mes cardiovasculaires ou de diab\u00e8te, car elle aide \u00e0 r\u00e9guler la tension art\u00e9rielle et le sucre dans le sang. De plus, sa richesse en antioxydants la rend utile contre l&rsquo;inflammation chronique et les maladies li\u00e9es au vieillissement.<\/span><\/span><\/p>\n","protected":false},"featured_media":9290,"comment_status":"open","ping_status":"closed","template":"","meta":[],"product_cat":[64,50,54,66],"product_tag":[],"class_list":{"0":"post-6870","1":"product","2":"type-product","3":"status-publish","4":"has-post-thumbnail","6":"product_brand-bird-of-paradise","7":"product_cat-tisanes","8":"product_cat-agriculture-biologique","9":"product_cat-thes-printaniers","10":"product_cat-thes-therapeutiques","12":"first","13":"outofstock","14":"taxable","15":"shipping-taxable","16":"product-type-variable"},"_links":{"self":[{"href":"https:\/\/birdofparadise.pt\/fr\/wp-json\/wp\/v2\/product\/6870","targetHints":{"allow":["GET"]}}],"collection":[{"href":"https:\/\/birdofparadise.pt\/fr\/wp-json\/wp\/v2\/product"}],"about":[{"href":"https:\/\/birdofparadise.pt\/fr\/wp-json\/wp\/v2\/types\/product"}],"replies":[{"embeddable":true,"href":"https:\/\/birdofparadise.pt\/fr\/wp-json\/wp\/v2\/comments?post=6870"}],"version-history":[{"count":0,"href":"https:\/\/birdofparadise.pt\/fr\/wp-json\/wp\/v2\/product\/6870\/revisions"}],"wp:featuredmedia":[{"embeddable":true,"href":"https:\/\/birdofparadise.pt\/fr\/wp-json\/wp\/v2\/media\/9290"}],"wp:attachment":[{"href":"https:\/\/birdofparadise.pt\/fr\/wp-json\/wp\/v2\/media?parent=6870"}],"wp:term":[{"taxonomy":"product_cat","embeddable":true,"href":"https:\/\/birdofparadise.pt\/fr\/wp-json\/wp\/v2\/product_cat?post=6870"},{"taxonomy":"product_tag","embeddable":true,"href":"https:\/\/birdofparadise.pt\/fr\/wp-json\/wp\/v2\/product_tag?post=6870"}],"curies":[{"name":"wp","href":"https:\/\/api.w.org\/{rel}","templated":true}]}}