{"id":6878,"date":"2023-12-17T18:43:37","date_gmt":"2023-12-17T17:43:37","guid":{"rendered":"https:\/\/birdofparadise.pt\/?post_type=product&#038;p=6878"},"modified":"2025-04-01T15:44:12","modified_gmt":"2025-04-01T14:44:12","slug":"citronnelle-feuille-coupee","status":"publish","type":"product","link":"https:\/\/birdofparadise.pt\/fr\/produit\/citronnelle-feuille-coupee\/","title":{"rendered":"CITRONNELLE feuille coup\u00e9e"},"content":{"rendered":"<p>CITRONNELLE feuille coup\u00e9e*<\/p>\n<p>*Ingr\u00e9dients issus de l&rsquo;agriculture biologique FR-BIO-01 (Certifi\u00e9 conform\u00e9ment au r\u00e8glement europ\u00e9en sur l&rsquo;agriculture biologique. Agriculture UE \/Agriculture en dehors de l&rsquo;UE). Produit non certifi\u00e9 bio dans sa forme finale (conditionnement).<\/p>\n<p><strong>ORIGINE:<\/strong> Portugal<\/p>\n<p><strong>D\u00e9signation latine : <\/strong><strong><i>Cymbopogon citratus<\/i><\/strong><\/p>\n<h6>Conseils de pr\u00e9paration:<\/h6>\n<ul>\n<li><em><strong>Dosage<\/strong> <\/em>: 12 &#8211; 15 g\/L<\/li>\n<li><em><strong>Temps d&rsquo;infusion<\/strong><\/em> : 2 &#8211; 4 Min<\/li>\n<li><em><strong>Temp\u00e9rature d&rsquo;infusion<\/strong><\/em> : 80\u00b0 C<\/li>\n<\/ul>\n","protected":false},"excerpt":{"rendered":"<p>La citronnelle est une plante aromatique largement employ\u00e9e dans la cuisine du sud-est asiatique. Le cymbopogon citratus, qui poss\u00e8de de nombreux vertues en phytoth\u00e9rapie, est couramment utilis\u00e9 en tisane pour ses propri\u00e9t\u00e9s digestives (propri\u00e9t\u00e9s antispasmodiques et apaisantes), hypotensives, anti-inflammatoires et pour traiter le stress, l&rsquo;anxi\u00e9t\u00e9 et l&rsquo;insomnie (effet hypotenseur et antispasmodique).<\/p>\n<p>Il est aussi efficace pour traiter grippes, fi\u00e8vre et refroidissements (action bact\u00e9ricide).<\/p>\n<p>Utilisations:<\/p>\n<p>On peut incorporer de la citronnelle dans l&rsquo;eau du bain afin de combattre la fatigue nerveuse et les \u00e9pisodes de fi\u00e8vre. En cas de grippe ou de refroidissement, il est recommand\u00e9 de consommer 3 tasses d&rsquo;infusion de citronnelle (1 cs par tasse) par jour, ou une tasse apr\u00e8s le repas pour favoriser la digestion.<\/p>\n<p>Pr\u00e9cautions \u00e0 prendre:<\/p>\n<p>Garder \u00e0 l&rsquo;\u00e9cart des enfants. Les femmes enceintes ou allaitant et les enfants de moins de trois ans ne doivent pas consommer de citronnelle. Avant de les utiliser en interne, il est recommand\u00e9 de filtrer les infusions de citronnelles car elles renferment des microfilaments susceptibles d&rsquo;irriter la gorge.<\/p>\n","protected":false},"featured_media":18076,"comment_status":"open","ping_status":"closed","template":"","meta":[],"product_cat":[64,54,66],"product_tag":[],"class_list":{"0":"post-6878","1":"product","2":"type-product","3":"status-publish","4":"has-post-thumbnail","6":"product_brand-bird-of-paradise","7":"product_cat-tisanes","8":"product_cat-thes-printaniers","9":"product_cat-thes-therapeutiques","11":"first","12":"instock","13":"taxable","14":"shipping-taxable","15":"purchasable","16":"product-type-variable"},"_links":{"self":[{"href":"https:\/\/birdofparadise.pt\/fr\/wp-json\/wp\/v2\/product\/6878","targetHints":{"allow":["GET"]}}],"collection":[{"href":"https:\/\/birdofparadise.pt\/fr\/wp-json\/wp\/v2\/product"}],"about":[{"href":"https:\/\/birdofparadise.pt\/fr\/wp-json\/wp\/v2\/types\/product"}],"replies":[{"embeddable":true,"href":"https:\/\/birdofparadise.pt\/fr\/wp-json\/wp\/v2\/comments?post=6878"}],"version-history":[{"count":0,"href":"https:\/\/birdofparadise.pt\/fr\/wp-json\/wp\/v2\/product\/6878\/revisions"}],"wp:featuredmedia":[{"embeddable":true,"href":"https:\/\/birdofparadise.pt\/fr\/wp-json\/wp\/v2\/media\/18076"}],"wp:attachment":[{"href":"https:\/\/birdofparadise.pt\/fr\/wp-json\/wp\/v2\/media?parent=6878"}],"wp:term":[{"taxonomy":"product_cat","embeddable":true,"href":"https:\/\/birdofparadise.pt\/fr\/wp-json\/wp\/v2\/product_cat?post=6878"},{"taxonomy":"product_tag","embeddable":true,"href":"https:\/\/birdofparadise.pt\/fr\/wp-json\/wp\/v2\/product_tag?post=6878"}],"curies":[{"name":"wp","href":"https:\/\/api.w.org\/{rel}","templated":true}]}}