{"id":8071,"date":"2023-12-08T16:29:21","date_gmt":"2023-12-08T15:29:21","guid":{"rendered":"https:\/\/birdofparadise.pt\/?post_type=product&#038;p=6884"},"modified":"2025-04-01T17:17:18","modified_gmt":"2025-04-01T16:17:18","slug":"the-blanc-china-pai-mu-tan","status":"publish","type":"product","link":"https:\/\/birdofparadise.pt\/fr\/produit\/the-blanc-china-pai-mu-tan\/","title":{"rendered":"Th\u00e9 blanc China Pai Mu Tan"},"content":{"rendered":"<h6><strong><span style=\"vertical-align: inherit;\"><span style=\"vertical-align: inherit;\">Th\u00e9 blanc China Pai Mu Tan:<\/span><\/span><\/strong><\/h6>\n<p><span style=\"vertical-align: inherit;\"><span style=\"vertical-align: inherit;\">Th\u00e9 blanc* avec une feuille verte-marron et beaucoup de pointes. <\/span><span style=\"vertical-align: inherit;\">Fleuri et doux avec une liqueur parfum\u00e9e.\u00a0<\/span><\/span><\/p>\n<p><strong>Ingr\u00e9dients : <\/strong>100 % th\u00e9 blanc Chine Pai Mu Tan*.<\/p>\n<p>*Ingr\u00e9dients issus de l&rsquo;agriculture biologique FR-BIO-01 (Certifi\u00e9 conform\u00e9ment au r\u00e8glement europ\u00e9en sur l&rsquo;agriculture biologique. Agriculture UE \/Agriculture en dehors de l&rsquo;UE). Produit non certifi\u00e9 bio dans sa forme finale (conditionnement).<\/p>\n<h6>Conseils de pr\u00e9paration:<\/h6>\n<ul>\n<li><em><strong><span style=\"vertical-align: inherit;\"><span style=\"vertical-align: inherit;\">Dosage<\/span><\/span><\/strong><\/em><span style=\"vertical-align: inherit;\"><span style=\"vertical-align: inherit;\"> : 12 &#8211; 15 g\/L<\/span><\/span><\/li>\n<li><em><strong><span style=\"vertical-align: inherit;\"><span style=\"vertical-align: inherit;\">Temps d&rsquo;infusion<\/span><\/span><\/strong><\/em><span style=\"vertical-align: inherit;\"><span style=\"vertical-align: inherit;\"> : 1,5 &#8211; 2 Min<\/span><\/span><\/li>\n<li><strong><em><span style=\"vertical-align: inherit;\"><span style=\"vertical-align: inherit;\">Temp\u00e9rature d&rsquo;infusion<\/span><\/span><\/em><\/strong><span style=\"vertical-align: inherit;\"><span style=\"vertical-align: inherit;\"> : 80\u00b0 C<\/span><\/span><\/li>\n<\/ul>\n<p>&nbsp;<\/p>\n<p>&nbsp;<\/p>\n","protected":false},"excerpt":{"rendered":"<p><span style=\"vertical-align: inherit;\"><span style=\"vertical-align: inherit;\">Ce Th\u00e9 blanc China Pai Mu Tan est \u00e9galement parfois appel\u00e9 \u00ab\u00a0Bai Mu Dan\u00a0\u00bb. <\/span><span style=\"vertical-align: inherit;\">Il porte le nom d&rsquo;une des plus belles fleurs de Chine : la pivoine blanche. <\/span><\/span><\/p>\n<p><span style=\"vertical-align: inherit;\"><span style=\"vertical-align: inherit;\">C&rsquo;est la boisson traditionnelle des empereurs chinois <\/span><\/span>pendant des si\u00e8cles<span style=\"vertical-align: inherit;\"><span style=\"vertical-align: inherit;\">. <\/span><\/span><\/p>\n<p><span style=\"vertical-align: inherit;\"><span style=\"vertical-align: inherit;\">Compos\u00e9 du bourgeon terminal et de deux jeunes pousses, il est cueilli \u00e0 la main uniquement au printemps dans la province de Fudjian en Chine dans une coop\u00e9rative certifi\u00e9e Agriculture Biologique. <\/span><\/span><\/p>\n<p><span style=\"vertical-align: inherit;\"><span style=\"vertical-align: inherit;\">Ce th\u00e9 blanc Pai Mu Tan donne une infusion orange clair avec des notes v\u00e9g\u00e9tales. <\/span><\/span>Il est l\u00e9ger et long dans la bouche, parfait pour plusieurs r\u00e9infusions \u2013 jusqu&rsquo;\u00e0 trois fois !<\/p>\n<p>Profitez de la raret\u00e9 et de la d\u00e9licatesse de ce th\u00e9 blanc qui a \u00e9t\u00e9 soigneusement cultiv\u00e9 selon les traditions chinoises ancestrales.<\/p>\n","protected":false},"featured_media":18109,"comment_status":"open","ping_status":"closed","template":"","meta":[],"product_cat":[61,79],"product_tag":[],"class_list":{"0":"post-8071","1":"product","2":"type-product","3":"status-publish","4":"has-post-thumbnail","6":"product_brand-bird-of-paradise","7":"product_cat-thes-blancs","8":"product_cat-chine","10":"first","11":"instock","12":"taxable","13":"shipping-taxable","14":"purchasable","15":"product-type-variable"},"_links":{"self":[{"href":"https:\/\/birdofparadise.pt\/fr\/wp-json\/wp\/v2\/product\/8071","targetHints":{"allow":["GET"]}}],"collection":[{"href":"https:\/\/birdofparadise.pt\/fr\/wp-json\/wp\/v2\/product"}],"about":[{"href":"https:\/\/birdofparadise.pt\/fr\/wp-json\/wp\/v2\/types\/product"}],"replies":[{"embeddable":true,"href":"https:\/\/birdofparadise.pt\/fr\/wp-json\/wp\/v2\/comments?post=8071"}],"version-history":[{"count":0,"href":"https:\/\/birdofparadise.pt\/fr\/wp-json\/wp\/v2\/product\/8071\/revisions"}],"wp:featuredmedia":[{"embeddable":true,"href":"https:\/\/birdofparadise.pt\/fr\/wp-json\/wp\/v2\/media\/18109"}],"wp:attachment":[{"href":"https:\/\/birdofparadise.pt\/fr\/wp-json\/wp\/v2\/media?parent=8071"}],"wp:term":[{"taxonomy":"product_cat","embeddable":true,"href":"https:\/\/birdofparadise.pt\/fr\/wp-json\/wp\/v2\/product_cat?post=8071"},{"taxonomy":"product_tag","embeddable":true,"href":"https:\/\/birdofparadise.pt\/fr\/wp-json\/wp\/v2\/product_tag?post=8071"}],"curies":[{"name":"wp","href":"https:\/\/api.w.org\/{rel}","templated":true}]}}