{"id":8162,"date":"2023-12-17T18:02:37","date_gmt":"2023-12-17T17:02:37","guid":{"rendered":"https:\/\/birdofparadise.pt\/?post_type=product&#038;p=8162"},"modified":"2025-11-27T13:59:36","modified_gmt":"2025-11-27T12:59:36","slug":"tisane-booster-d-immunite","status":"publish","type":"product","link":"https:\/\/birdofparadise.pt\/fr\/produit\/tisane-booster-d-immunit%C3%A9\/","title":{"rendered":"Tisane Booster d&rsquo;immunit\u00e9"},"content":{"rendered":"<p>Tisane Booster d&rsquo;immunit\u00e9, pour stimuler votre immunit\u00e9 et donner un coup de fouet \u00e0 votre organisme.<\/p>\n<p>Ingr\u00e9dients : Romarin feuille coup\u00e9e*, Sureau fleur*, Menthe poivr\u00e9e partie a\u00e9rienne*, Gingembre racine coup\u00e9e*.<\/p>\n<p>*issus de l&rsquo;agriculture biologique FR-BIO-01 (Certifi\u00e9 conform\u00e9ment au r\u00e8glement europ\u00e9en sur l&rsquo;agriculture biologique. Agriculture UE \/Agriculture en dehors de l&rsquo;UE). Produit non certifi\u00e9 bio dans sa forme finale (conditionnement).<\/p>\n<h6>Conseils de pr\u00e9paration:<\/h6>\n<ul>\n<li><strong><em>Dosage<\/em> :<\/strong> 6 g\/L<\/li>\n<li><strong><em>Temps d&rsquo;infusion<\/em> : <\/strong>7 &#8211; 10 Min<\/li>\n<li><strong><em>Temp\u00e9rature d&rsquo;infusion<\/em> : <\/strong>100 \u00b0 C<\/li>\n<\/ul>\n<p><strong>Contre-indication : <\/strong>Le gingembre est d\u00e9conseill\u00e9 chez les femmes enceintes en raisons des effets n\u00e9fastes possibles sur le d\u00e9veloppement du foetus \u00e0 mettre en regard des faibles effets b\u00e9n\u00e9fiques sur les naus\u00e9es.<\/p>\n","protected":false},"excerpt":{"rendered":"<p>La tisane\u00a0Booster d&rsquo;immunit\u00e9 est id\u00e9ale pour stimuler votre immunit\u00e9 et donner un coup de fouet \u00e0 votre organisme. Elle est compos\u00e9e d&rsquo;un m\u00e9lange de plantes tr\u00e8s b\u00e9n\u00e9fiques lors des p\u00e9riodes de refroidissement ou en cas de syst\u00e8me immunitaire trop faible.<\/p>\n","protected":false},"featured_media":9270,"comment_status":"open","ping_status":"closed","template":"","meta":[],"product_cat":[64,54,66],"product_tag":[],"class_list":{"0":"post-8162","1":"product","2":"type-product","3":"status-publish","4":"has-post-thumbnail","6":"product_brand-bird-of-paradise","7":"product_cat-tisanes","8":"product_cat-thes-printaniers","9":"product_cat-thes-therapeutiques","11":"first","12":"instock","13":"taxable","14":"shipping-taxable","15":"purchasable","16":"product-type-variable"},"_links":{"self":[{"href":"https:\/\/birdofparadise.pt\/fr\/wp-json\/wp\/v2\/product\/8162","targetHints":{"allow":["GET"]}}],"collection":[{"href":"https:\/\/birdofparadise.pt\/fr\/wp-json\/wp\/v2\/product"}],"about":[{"href":"https:\/\/birdofparadise.pt\/fr\/wp-json\/wp\/v2\/types\/product"}],"replies":[{"embeddable":true,"href":"https:\/\/birdofparadise.pt\/fr\/wp-json\/wp\/v2\/comments?post=8162"}],"version-history":[{"count":0,"href":"https:\/\/birdofparadise.pt\/fr\/wp-json\/wp\/v2\/product\/8162\/revisions"}],"wp:featuredmedia":[{"embeddable":true,"href":"https:\/\/birdofparadise.pt\/fr\/wp-json\/wp\/v2\/media\/9270"}],"wp:attachment":[{"href":"https:\/\/birdofparadise.pt\/fr\/wp-json\/wp\/v2\/media?parent=8162"}],"wp:term":[{"taxonomy":"product_cat","embeddable":true,"href":"https:\/\/birdofparadise.pt\/fr\/wp-json\/wp\/v2\/product_cat?post=8162"},{"taxonomy":"product_tag","embeddable":true,"href":"https:\/\/birdofparadise.pt\/fr\/wp-json\/wp\/v2\/product_tag?post=8162"}],"curies":[{"name":"wp","href":"https:\/\/api.w.org\/{rel}","templated":true}]}}